{"id":12079,"date":"2021-06-17T14:43:15","date_gmt":"2021-06-17T11:43:15","guid":{"rendered":"https:\/\/detuam.sbu.edu.tr\/ekip\/arastirmacilar\/"},"modified":"2022-10-14T11:17:35","modified_gmt":"2022-10-14T08:17:35","slug":"researchers","status":"publish","type":"page","link":"http:\/\/detuam.sbu.edu.tr\/en\/team\/researchers\/","title":{"rendered":"Researchers"},"content":{"rendered":"<div class=\"wpb-content-wrapper\"><p>[vc_row][vc_column]<div class=\"thim-widget-our-team template-our-team\">\n<div class=\"wrapper-lists-our-team\"><div class=\"row\"><div class=\"our-team-item col-sm-3\"><div class=\"our-team-image\"> <a class=\"link-img\" href=\"http:\/\/detuam.sbu.edu.tr\/en\/our_team\/prof-dr-saban-tekin\/\"><\/a><img loading=\"lazy\" decoding=\"async\" src=\"http:\/\/detuam.sbu.edu.tr\/wp-content\/uploads\/2021\/08\/Prof._Dr._Saban_TEKIN_HOL-200x200.jpg\" alt=\"Prof._Dr._\u015eaban_TEK\u0130N_HOL\" title=\"Prof._Dr._\u015eaban_TEK\u0130N_HOL\"  width=\"200\" height=\"200\"><div class=\"social-team\"><\/div><\/div><div class=\"content-team\"><h4 class=\"title\">Prof. Dr. \u015eaban TEK\u0130N\u00a0<\/h4><\/div><\/div><div class=\"our-team-item col-sm-3\"><div class=\"our-team-image\"> <a class=\"link-img\" href=\"http:\/\/detuam.sbu.edu.tr\/en\/our_team\/prof-dr-mahfuz-elmastas\/\"><\/a><img loading=\"lazy\" decoding=\"async\" src=\"http:\/\/detuam.sbu.edu.tr\/wp-content\/uploads\/2021\/08\/Prof.Dr_._Mahfuz_Elmastas\u0327_HOL-200x200.jpg\" alt=\"Prof.Dr._Mahfuz_Elmastas\u0327_HOL\" title=\"Prof.Dr._Mahfuz_Elmastas\u0327_HOL\"  width=\"200\" height=\"200\"><div class=\"social-team\"><\/div><\/div><div class=\"content-team\"><h4 class=\"title\">Prof. Dr. Mahfuz ELMASTA\u015e<\/h4><\/div><\/div><div class=\"our-team-item col-sm-3\"><div class=\"our-team-image\"> <a class=\"link-img\" href=\"http:\/\/detuam.sbu.edu.tr\/en\/our_team\/prof-dr-nihat-dilsiz\/\"><\/a><img loading=\"lazy\" decoding=\"async\" src=\"http:\/\/detuam.sbu.edu.tr\/wp-content\/uploads\/2022\/04\/Prof.-Dr.-Nihat-DI\u0307LSI\u0307Z-200x200.jpg\" alt=\"Prof. Dr. Nihat DI\u0307LSI\u0307Z\" title=\"Prof. Dr. Nihat DI\u0307LSI\u0307Z\"  width=\"200\" height=\"200\"><div class=\"social-team\"><\/div><\/div><div class=\"content-team\"><h4 class=\"title\">Prof. Dr. Nihat D\u0130LS\u0130Z<\/h4><\/div><\/div><div class=\"our-team-item col-sm-3\"><div class=\"our-team-image\"> <a class=\"link-img\" href=\"http:\/\/detuam.sbu.edu.tr\/en\/our_team\/prof-dr-yusuf-tutar\/\"><\/a><img loading=\"lazy\" decoding=\"async\" src=\"http:\/\/detuam.sbu.edu.tr\/wp-content\/uploads\/2021\/08\/Prof._Dr._Yusuf_TUTAR-200x200.jpg\" alt=\"Prof._Dr._Yusuf_TUTAR\" title=\"Prof._Dr._Yusuf_TUTAR\"  width=\"200\" height=\"200\"><div class=\"social-team\"><\/div><\/div><div class=\"content-team\"><h4 class=\"title\">Prof. Dr. Yusuf TUTAR<\/h4><\/div><\/div><div class=\"our-team-item col-sm-3\"><div class=\"our-team-image\"> <a class=\"link-img\" href=\"http:\/\/detuam.sbu.edu.tr\/en\/our_team\/assoc-prof-erkan-turker-boran\/\"><\/a><img loading=\"lazy\" decoding=\"async\" src=\"http:\/\/detuam.sbu.edu.tr\/wp-content\/uploads\/2021\/08\/Doc\u0327._Dr._Erkan_Tu\u0308rker_BORAN_HOL-200x200.jpg\" alt=\"Doc\u0327._Dr._Erkan_Tu\u0308rker_BORAN_HOL\" title=\"Doc\u0327._Dr._Erkan_Tu\u0308rker_BORAN_HOL\"  width=\"200\" height=\"200\"><div class=\"social-team\"><\/div><\/div><div class=\"content-team\"><h4 class=\"title\">Assoc.Prof. Erkan Turker BORAN<\/h4><\/div><\/div><div class=\"our-team-item col-sm-3\"><div class=\"our-team-image\"> <a class=\"link-img\" href=\"http:\/\/detuam.sbu.edu.tr\/en\/our_team\/assoc-prof-esra-guzel-tanoglu\/\"><\/a><img loading=\"lazy\" decoding=\"async\" src=\"http:\/\/detuam.sbu.edu.tr\/wp-content\/uploads\/2021\/06\/Dr._Oretim_Uyesi_Esra_GUZEL_TANOGLU-200x200.jpg\" alt=\"Dr._\u00d6retim_\u00dcyesi_Esra_G\u00dcZEL_TANO\u011eLU\" title=\"Dr._\u00d6retim_\u00dcyesi_Esra_G\u00dcZEL_TANO\u011eLU\"  width=\"200\" height=\"200\"><div class=\"social-team\"><\/div><\/div><div class=\"content-team\"><h4 class=\"title\">Assoc.Prof. Esra GUZEL TANOGLU<\/h4><\/div><\/div><div class=\"our-team-item col-sm-3\"><div class=\"our-team-image\"> <a class=\"link-img\" href=\"http:\/\/detuam.sbu.edu.tr\/en\/our_team\/asst-prof-ahmet-kati\/\"><\/a><img loading=\"lazy\" decoding=\"async\" src=\"http:\/\/detuam.sbu.edu.tr\/wp-content\/uploads\/2021\/08\/Ahmet-Kati-200x200.jpg\" alt=\"Ahmet-Kat\u0131\" title=\"Ahmet-Kat\u0131\"  width=\"200\" height=\"200\"><div class=\"social-team\"><\/div><\/div><div class=\"content-team\"><h4 class=\"title\">Asst. Prof. Ahmet KATI<\/h4><\/div><\/div><div class=\"our-team-item col-sm-3\"><div class=\"our-team-image\"> <a class=\"link-img\" href=\"http:\/\/detuam.sbu.edu.tr\/en\/our_team\/dr-ogr-uyesi-altay-savalan\/\"><\/a><img loading=\"lazy\" decoding=\"async\" src=\"http:\/\/detuam.sbu.edu.tr\/wp-content\/uploads\/2021\/08\/Dr._O\u0308g\u0306retim_U\u0308yesi_Altay_SAVALANRouhollah_HOL-200x200.jpg\" alt=\"Dr._O\u0308g\u0306retim_U\u0308yesi_Altay_SAVALAN(Rouhollah)_HOL\" title=\"Dr._O\u0308g\u0306retim_U\u0308yesi_Altay_SAVALAN(Rouhollah)_HOL\"  width=\"200\" height=\"200\"><div class=\"social-team\"><\/div><\/div><div class=\"content-team\"><h4 class=\"title\">Asst. Prof. Altay SAVALAN<\/h4><\/div><\/div><div class=\"our-team-item col-sm-3\"><div class=\"our-team-image\"> <a class=\"link-img\" href=\"http:\/\/detuam.sbu.edu.tr\/en\/our_team\/dr-ogr-uyesi-arif-mermer\/\"><\/a><img loading=\"lazy\" decoding=\"async\" src=\"http:\/\/detuam.sbu.edu.tr\/wp-content\/uploads\/2021\/08\/Dr._O\u0308g\u0306r._U\u0308yesi_Arif_MERMER_HOL-200x200.jpg\" alt=\"Dr._O\u0308g\u0306r._U\u0308yesi_Arif_MERMER_HOL\" title=\"Dr._O\u0308g\u0306r._U\u0308yesi_Arif_MERMER_HOL\"  width=\"200\" height=\"200\"><div class=\"social-team\"><\/div><\/div><div class=\"content-team\"><h4 class=\"title\">Dr. \u00d6\u011fr. \u00dcyesi Arif MERMER<\/h4><\/div><\/div><div class=\"our-team-item col-sm-3\"><div class=\"our-team-image\"> <a class=\"link-img\" href=\"http:\/\/detuam.sbu.edu.tr\/en\/our_team\/asst-prof-arif-mermer\/\"><\/a><img loading=\"lazy\" decoding=\"async\" src=\"http:\/\/detuam.sbu.edu.tr\/wp-content\/uploads\/2021\/08\/Dr._O\u0308g\u0306r._U\u0308yesi_Aydin_TAHMASEBI\u0307FAR_HOL-200x200.jpg\" alt=\"Dr._O\u0308g\u0306r._U\u0308yesi_Aydin_TAHMASEBI\u0307FAR_HOL\" title=\"Dr._O\u0308g\u0306r._U\u0308yesi_Aydin_TAHMASEBI\u0307FAR_HOL\"  width=\"200\" height=\"200\"><div class=\"social-team\"><\/div><\/div><div class=\"content-team\"><h4 class=\"title\">Asst. Prof. Arif MERMER<\/h4><\/div><\/div><div class=\"our-team-item col-sm-3\"><div class=\"our-team-image\"> <a class=\"link-img\" href=\"http:\/\/detuam.sbu.edu.tr\/en\/our_team\/asst-prof-bengi-yilmaz\/\"><\/a><img loading=\"lazy\" decoding=\"async\" src=\"http:\/\/detuam.sbu.edu.tr\/wp-content\/uploads\/2021\/08\/Dr._O\u0308g\u0306r._U\u0308yesi_Bengi_YILMAZ_HOL-200x200.jpg\" alt=\"Dr._O\u0308g\u0306r._U\u0308yesi_Bengi_YILMAZ_HOL\" title=\"Dr._O\u0308g\u0306r._U\u0308yesi_Bengi_YILMAZ_HOL\"  width=\"200\" height=\"200\"><div class=\"social-team\"><\/div><\/div><div class=\"content-team\"><h4 class=\"title\">Asst. Prof. \u00a0Bengi YILMAZ<\/h4><\/div><\/div><div class=\"our-team-item col-sm-3\"><div class=\"our-team-image\"> <a class=\"link-img\" href=\"http:\/\/detuam.sbu.edu.tr\/en\/our_team\/asst-prof-gamze-yesilay\/\"><\/a><img loading=\"lazy\" decoding=\"async\" src=\"http:\/\/detuam.sbu.edu.tr\/wp-content\/uploads\/2021\/08\/Dr._O\u0308g\u0306r._U\u0308yesi_Gamze_YES\u0327I\u0307LAY_HOL-200x200.jpg\" alt=\"Dr._O\u0308g\u0306r._U\u0308yesi_Gamze_YES\u0327I\u0307LAY_HOL\" title=\"Dr._O\u0308g\u0306r._U\u0308yesi_Gamze_YES\u0327I\u0307LAY_HOL\"  width=\"200\" height=\"200\"><div class=\"social-team\"><\/div><\/div><div class=\"content-team\"><h4 class=\"title\">Asst. Prof. Gamze YE\u015e\u0130LAY<\/h4><\/div><\/div><div class=\"our-team-item col-sm-3\"><div class=\"our-team-image\"> <a class=\"link-img\" href=\"http:\/\/detuam.sbu.edu.tr\/en\/our_team\/asst-prof-halil-kurt\/\"><\/a><img loading=\"lazy\" decoding=\"async\" src=\"http:\/\/detuam.sbu.edu.tr\/wp-content\/uploads\/2022\/01\/Dr.-ogr.-uyesi-Halil-KURT-200x200.jpg\" alt=\"Dr-ogr-uyesi-Halil-KURT\" title=\"Dr-ogr-uyesi-Halil-KURT\"  width=\"200\" height=\"200\"><div class=\"social-team\"><\/div><\/div><div class=\"content-team\"><h4 class=\"title\">Asst. Prof. \u00a0Halil KURT<\/h4><\/div><\/div><div class=\"our-team-item col-sm-3\"><div class=\"our-team-image\"> <a class=\"link-img\" href=\"http:\/\/detuam.sbu.edu.tr\/en\/our_team\/asst-prof-ozge-dinc\/\"><\/a><img loading=\"lazy\" decoding=\"async\" src=\"http:\/\/detuam.sbu.edu.tr\/wp-content\/uploads\/2021\/08\/Dr._O\u0308g\u0306r._U\u0308yesi_O\u0308zge_DI\u0307NC\u0327_HOL-200x200.jpg\" alt=\"Dr._O\u0308g\u0306r._U\u0308yesi_O\u0308zge_DI\u0307NC\u0327_HOL\" title=\"Dr._O\u0308g\u0306r._U\u0308yesi_O\u0308zge_DI\u0307NC\u0327_HOL\"  width=\"200\" height=\"200\"><div class=\"social-team\"><\/div><\/div><div class=\"content-team\"><h4 class=\"title\">Asst. Prof. \u00d6zge D\u0130N\u00c7<\/h4><\/div><\/div><div class=\"our-team-item col-sm-3\"><div class=\"our-team-image\"> <a class=\"link-img\" href=\"http:\/\/detuam.sbu.edu.tr\/en\/our_team\/asst-prof-ozlem-turksoy\/\"><\/a><img loading=\"lazy\" decoding=\"async\" src=\"http:\/\/detuam.sbu.edu.tr\/wp-content\/uploads\/2021\/08\/Dr._O\u0308g\u0306r._U\u0308yesi_O\u0308zlem_TU\u0308RKSOY_HOL-200x200.jpg\" alt=\"Dr._O\u0308g\u0306r._U\u0308yesi_O\u0308zlem_TU\u0308RKSOY_HOL\" title=\"Dr._O\u0308g\u0306r._U\u0308yesi_O\u0308zlem_TU\u0308RKSOY_HOL\"  width=\"200\" height=\"200\"><div class=\"social-team\"><\/div><\/div><div class=\"content-team\"><h4 class=\"title\">Asst. Prof. \u00d6zlem T\u00dcRKSOY<\/h4><\/div><\/div><div class=\"our-team-item col-sm-3\"><div class=\"our-team-image\"> <a class=\"link-img\" href=\"http:\/\/detuam.sbu.edu.tr\/en\/our_team\/asst-prof-seda-kelestemur\/\"><\/a><img loading=\"lazy\" decoding=\"async\" src=\"http:\/\/detuam.sbu.edu.tr\/wp-content\/uploads\/2021\/08\/Dr._O\u0308g\u0306r._U\u0308yesi_Seda_KELES\u0327TEMUR-200x200.jpg\" alt=\"Dr._O\u0308g\u0306r._U\u0308yesi_Seda_KELES\u0327TEMUR\" title=\"Dr._O\u0308g\u0306r._U\u0308yesi_Seda_KELES\u0327TEMUR\"  width=\"200\" height=\"200\"><div class=\"social-team\"><\/div><\/div><div class=\"content-team\"><h4 class=\"title\">Asst. Prof.\u00a0Seda KELE\u015eTEMUR<\/h4><\/div><\/div><div class=\"our-team-item col-sm-3\"><div class=\"our-team-image\"> <a class=\"link-img\" href=\"http:\/\/detuam.sbu.edu.tr\/en\/our_team\/asst-prof-sevde-altuntas\/\"><\/a><img loading=\"lazy\" decoding=\"async\" src=\"http:\/\/detuam.sbu.edu.tr\/wp-content\/uploads\/2021\/08\/Dr._O\u0308g\u0306r._U\u0308yesi_Sevde_ALTUNTAS\u0327_HOL-200x200.jpg\" alt=\"Dr._O\u0308g\u0306r._U\u0308yesi_Sevde_ALTUNTAS\u0327_HOL\" title=\"Dr._O\u0308g\u0306r._U\u0308yesi_Sevde_ALTUNTAS\u0327_HOL\"  width=\"200\" height=\"200\"><div class=\"social-team\"><\/div><\/div><div class=\"content-team\"><h4 class=\"title\">Asst. Prof. Sevde ALTUNTA\u015e<\/h4><\/div><\/div><div class=\"our-team-item col-sm-3\"><div class=\"our-team-image\"> <a class=\"link-img\" href=\"http:\/\/detuam.sbu.edu.tr\/en\/our_team\/asst-prof-sibel-bolek\/\"><\/a><img loading=\"lazy\" decoding=\"async\" src=\"http:\/\/detuam.sbu.edu.tr\/wp-content\/uploads\/2026\/04\/sibel-bolek-200x200.webp\" alt=\"sibel-bolek\" title=\"sibel-bolek\"  width=\"200\" height=\"200\"><div class=\"social-team\"><\/div><\/div><div class=\"content-team\"><h4 class=\"title\">Asst. Prof. Sibel B\u00d6LEK<\/h4><\/div><\/div><div class=\"our-team-item col-sm-3\"><div class=\"our-team-image\"> <a class=\"link-img\" href=\"http:\/\/detuam.sbu.edu.tr\/en\/our_team\/asst-prof-tugba-kul-koprulu\/\"><\/a><img loading=\"lazy\" decoding=\"async\" src=\"http:\/\/detuam.sbu.edu.tr\/wp-content\/uploads\/2026\/04\/tugba-kul-koprulu-200x200.webp\" alt=\"tugba-kul-koprulu\" title=\"tugba-kul-koprulu\"  width=\"200\" height=\"200\"><div class=\"social-team\"><\/div><\/div><div class=\"content-team\"><h4 class=\"title\">Asst. Prof. Tu\u011fba KUL K\u00d6PR\u00dcL\u00dc<\/h4><\/div><\/div><div class=\"our-team-item col-sm-3\"><div class=\"our-team-image\"> <a class=\"link-img\" href=\"http:\/\/detuam.sbu.edu.tr\/en\/our_team\/expert-vet-physician-cumaali-demirtas\/\"><\/a><img loading=\"lazy\" decoding=\"async\" src=\"http:\/\/detuam.sbu.edu.tr\/wp-content\/uploads\/2021\/08\/Uzm._Vet._Hekim_Cumaali_DEMI\u0307RTAS\u0327-200x200.jpg\" alt=\"Uzm._Vet._Hekim_Cumaali_DEMI\u0307RTAS\u0327\" title=\"Uzm._Vet._Hekim_Cumaali_DEMI\u0307RTAS\u0327\"  width=\"200\" height=\"200\"><div class=\"social-team\"><\/div><\/div><div class=\"content-team\"><h4 class=\"title\">Expert. Vet. Physician Cumaali DEM\u0130RTA\u015e<\/h4><\/div><\/div><div class=\"our-team-item col-sm-3\"><div class=\"our-team-image\"> <a class=\"link-img\" href=\"http:\/\/detuam.sbu.edu.tr\/en\/our_team\/res-asst-ezgi-selcuk\/\"><\/a><img loading=\"lazy\" decoding=\"async\" src=\"http:\/\/detuam.sbu.edu.tr\/wp-content\/uploads\/2022\/03\/ars_gor_ezgi_selcuk-200x200.jpg\" alt=\"ars_gor_ezgi_selcuk\" title=\"ars_gor_ezgi_selcuk\"  width=\"200\" height=\"200\"><div class=\"social-team\"><\/div><\/div><div class=\"content-team\"><h4 class=\"title\">Res. Asst. Ezgi SEL\u00c7UK<\/h4><\/div><\/div><div class=\"our-team-item col-sm-3\"><div class=\"our-team-image\"> <a class=\"link-img\" href=\"http:\/\/detuam.sbu.edu.tr\/en\/our_team\/senior-food-engineer-muhammed-ali-goktas\/\"><\/a><img loading=\"lazy\" decoding=\"async\" src=\"http:\/\/detuam.sbu.edu.tr\/wp-content\/uploads\/2022\/03\/gida_yuk_muh_muhammed_ali_goktas-200x200.jpg\" alt=\"g\u0131da_yuk_muh_muhammed_ali_goktas\" title=\"g\u0131da_yuk_muh_muhammed_ali_goktas\"  width=\"200\" height=\"200\"><div class=\"social-team\"><\/div><\/div><div class=\"content-team\"><h4 class=\"title\">Senior Food Engineer Muhammed Ali G\u00d6KTA\u015e<\/h4><\/div><\/div><\/div><\/div><\/div>[\/vc_column][\/vc_row][vc_row full_width=&#8221;stretch_row&#8221; parallax=&#8221;content-moving&#8221; parallax_image=&#8221;9340&#8243; parallax_speed_bg=&#8221;2&#8243; css_animation=&#8221;fadeInUp&#8221; css=&#8221;.vc_custom_1641279398687{margin-bottom: -45px !important;}&#8221;][vc_column width=&#8221;1\/2&#8243;][vc_empty_space height=&#8221;100&#8243;]<div class=\"vc-extral_class wpb_animate_when_almost_visible wpb_fadeInUp fadeInUp\"><div class=\"thim-widget-heading template-base\"><div class=\"sc_heading  text-left\"><h3 style=\"color:#ffffff;\" class=\"title\">Hayat\u0131n geni\u015fli\u011fi, uzunlu\u011fundan daha \u00f6nemlidir.<\/p>\n<p>-\u0130bn-i Sina<\/h3><\/div><\/div><\/div>[\/vc_column][vc_column width=&#8221;1\/2&#8243;][vc_single_image image=&#8221;9328&#8243; img_size=&#8221;full&#8221; alignment=&#8221;right&#8221; style=&#8221;vc_box_outline&#8221; border_color=&#8221;white&#8221; css_animation=&#8221;fadeInUp&#8221;][\/vc_column][\/vc_row]<\/p>\n<\/div>","protected":false},"excerpt":{"rendered":"<p>[vc_row][vc_column][\/vc_column][\/vc_row][vc_row full_width=&#8221;stretch_row&#8221; parallax=&#8221;content-moving&#8221; parallax_image=&#8221;9340&#8243; parallax_speed_bg=&#8221;2&#8243; css_animation=&#8221;fadeInUp&#8221; css=&#8221;.vc_custom_1641279398687{margin-bottom: -45px !important;}&#8221;][vc_column width=&#8221;1\/2&#8243;][vc_empty_space height=&#8221;100&#8243;][\/vc_column][vc_column width=&#8221;1\/2&#8243;][vc_single_image image=&#8221;9328&#8243; img_size=&#8221;full&#8221; alignment=&#8221;right&#8221; style=&#8221;vc_box_outline&#8221; border_color=&#8221;white&#8221; css_animation=&#8221;fadeInUp&#8221;][\/vc_column][\/vc_row]<\/p>\n","protected":false},"author":6,"featured_media":0,"parent":12077,"menu_order":13,"comment_status":"closed","ping_status":"closed","template":"","meta":{"_bbp_topic_count":0,"_bbp_reply_count":0,"_bbp_total_topic_count":0,"_bbp_total_reply_count":0,"_bbp_voice_count":0,"_bbp_anonymous_reply_count":0,"_bbp_topic_count_hidden":0,"_bbp_reply_count_hidden":0,"_bbp_forum_subforum_count":0,"inline_featured_image":false,"footnotes":""},"class_list":["post-12079","page","type-page","status-publish","hentry"],"_links":{"self":[{"href":"http:\/\/detuam.sbu.edu.tr\/en\/wp-json\/wp\/v2\/pages\/12079","targetHints":{"allow":["GET"]}}],"collection":[{"href":"http:\/\/detuam.sbu.edu.tr\/en\/wp-json\/wp\/v2\/pages"}],"about":[{"href":"http:\/\/detuam.sbu.edu.tr\/en\/wp-json\/wp\/v2\/types\/page"}],"author":[{"embeddable":true,"href":"http:\/\/detuam.sbu.edu.tr\/en\/wp-json\/wp\/v2\/users\/6"}],"replies":[{"embeddable":true,"href":"http:\/\/detuam.sbu.edu.tr\/en\/wp-json\/wp\/v2\/comments?post=12079"}],"version-history":[{"count":1,"href":"http:\/\/detuam.sbu.edu.tr\/en\/wp-json\/wp\/v2\/pages\/12079\/revisions"}],"predecessor-version":[{"id":12112,"href":"http:\/\/detuam.sbu.edu.tr\/en\/wp-json\/wp\/v2\/pages\/12079\/revisions\/12112"}],"up":[{"embeddable":true,"href":"http:\/\/detuam.sbu.edu.tr\/en\/wp-json\/wp\/v2\/pages\/12077"}],"wp:attachment":[{"href":"http:\/\/detuam.sbu.edu.tr\/en\/wp-json\/wp\/v2\/media?parent=12079"}],"curies":[{"name":"wp","href":"https:\/\/api.w.org\/{rel}","templated":true}]}}