{"id":12068,"date":"2021-05-31T13:39:09","date_gmt":"2021-05-31T10:39:09","guid":{"rendered":"https:\/\/detuam.sbu.edu.tr\/kurumsal\/hakkimizda\/"},"modified":"2022-10-26T18:14:47","modified_gmt":"2022-10-26T15:14:47","slug":"about-us","status":"publish","type":"page","link":"https:\/\/detuam.sbu.edu.tr\/en\/institutional\/about-us\/","title":{"rendered":"About Us"},"content":{"rendered":"<div class=\"wpb-content-wrapper\"><p>[vc_row css_animation=&#8221;fadeInUp&#8221;][vc_column el_class=&#8221;hak-img&#8221;][vc_column_text]The purpose of the laboratories established within the Valideba\u011f Research Park is to improve the scientific development of our country and to offer alternative solutions to the diagnosis and treatment processes of diseases. In addition, the aims of the Research Park include training of the personnel with doctoral degrees, developing new generation products and technologies, and bringing these innovations to the economy with a national perspective.[\/vc_column_text][vc_empty_space height=&#8221;70&#8243;][\/vc_column][\/vc_row][vc_row css_animation=&#8221;fadeInUp&#8221;][vc_column][vc_row_inner equal_height=&#8221;yes&#8221;][vc_column_inner width=&#8221;1\/3&#8243;]<div class=\"vc-extral_class wpb_animate_when_almost_visible wpb_fadeInUp fadeInUp\"><div class=\"thim-widget-counters-box template-base\"><div class=\"counter-box about-us\" style=\"\"><div class=\"content-box-percentage\">\n\t\t<div class=\"wrap-percentage\">\n\t\t<div class=\"display-percentage\" data-percentage=\"21\" >21<\/div><div class=\"text_number\"><\/div><\/div><div class=\"counter-content-container\"><div class=\"counter-box-content\" style=\"\">Researcher<\/div><\/div><\/div><\/div><\/div><\/div>[\/vc_column_inner][vc_column_inner width=&#8221;1\/3&#8243;]<div class=\"vc-extral_class wpb_animate_when_almost_visible wpb_fadeInUp fadeInUp\"><div class=\"thim-widget-counters-box template-base\"><div class=\"counter-box about-us\" style=\"\"><div class=\"content-box-percentage\">\n\t\t<div class=\"wrap-percentage\">\n\t\t<div class=\"display-percentage\" data-percentage=\"46\" >46<\/div><div class=\"text_number\"><\/div><\/div><div class=\"counter-content-container\"><div class=\"counter-box-content\" style=\"\">Student<\/div><\/div><\/div><\/div><\/div><\/div>[\/vc_column_inner][vc_column_inner width=&#8221;1\/3&#8243;]<div class=\"vc-extral_class wpb_animate_when_almost_visible wpb_fadeInUp fadeInUp\"><div class=\"thim-widget-counters-box template-base\"><div class=\"counter-box about-us\" style=\"\"><div class=\"content-box-percentage\">\n\t\t<div class=\"wrap-percentage\">\n\t\t<div class=\"display-percentage\" data-percentage=\"29\" >29<\/div><div class=\"text_number\"><\/div><\/div><div class=\"counter-content-container\"><div class=\"counter-box-content\" style=\"\">Laboratory<\/div><\/div><\/div><\/div><\/div><\/div>[\/vc_column_inner][\/vc_row_inner][\/vc_column][\/vc_row][vc_row css_animation=&#8221;fadeInUp&#8221; css=&#8221;.vc_custom_1640783950721{margin-bottom: 63px !important;}&#8221;][vc_column width=&#8221;1\/2&#8243; css=&#8221;.vc_custom_1471796770554{margin-bottom: 30px !important;}&#8221;][vc_column_text css_animation=&#8221;fadeInUp&#8221;]<\/p>\n<div class=\"thim-widget-heading template-base\">\n<div class=\"sc_heading text-left\">\n<h3 class=\"title\"><span style=\"color: #103d66;\">Our Vision<\/span><\/h3>\n<\/div>\n<\/div>\n<div class=\"wpb_text_column wpb_content_element \">\n<div class=\"wpb_wrapper\">\n<p>Our vision is to become a center in the field by using the latest health technologies, to lead people who will shed light on the future, and to increase the brand value on a global scale by carrying out innovative researches.<\/p><\/div>\n<\/div>\n<p>[\/vc_column_text][\/vc_column][vc_column width=&#8221;1\/2&#8243; css=&#8221;.vc_custom_1471796781968{margin-bottom: 30px !important;}&#8221;][vc_column_text css_animation=&#8221;fadeInUp&#8221;]<\/p>\n<div class=\"thim-widget-heading template-base\">\n<div class=\"sc_heading text-left\">\n<h3 class=\"title\"><span style=\"color: #103d66;\">Our Mission<\/span><\/h3>\n<\/div>\n<\/div>\n<div class=\"wpb_text_column wpb_content_element \">\n<div class=\"wpb_wrapper\">\n<p>Our mission is to produce projects by functionally using its infrastructure, to support them, to invest in human education, to share its existing opportunities with our university researchers and all researchers who want to do R&amp;D, and to add interdisciplinary working culture to their corporate values.<\/p><\/div>\n<\/div>\n<p>[\/vc_column_text][\/vc_column][\/vc_row][vc_row full_width=&#8221;stretch_row&#8221; parallax=&#8221;content-moving-fade&#8221; parallax_image=&#8221;10460&#8243; parallax_speed_bg=&#8221;3&#8243; css_animation=&#8221;fadeInUp&#8221; css=&#8221;.vc_custom_1646813045803{padding-top: 50px !important;padding-bottom: 50px !important;background-position: center;background-repeat: no-repeat !important;background-size: cover !important;}&#8221; el_class=&#8221;hidemobile&#8221;][vc_column][vc_empty_space height=&#8221;200px&#8221;][\/vc_column][\/vc_row][vc_row el_class=&#8221;thim-no-margin-bottom&#8221;][vc_column]<div class=\"vc-extral_class wpb_animate_when_almost_visible wpb_fadeInUp fadeInUp\"><div class=\"thim-widget-heading template-base\"><div class=\"sc_heading  text-center\"><h3 style=\"color:#103d66;\" class=\"title\">Meet Our Team<\/h3><\/div><\/div><\/div><div class=\"thim-widget-our-team template-our-team\">\n<div class=\"wrapper-lists-our-team\"><div class=\"row\"><div class=\"our-team-item col-sm-3\"><div class=\"our-team-image\"> <a class=\"link-img\" href=\"https:\/\/detuam.sbu.edu.tr\/en\/our_team\/prof-dr-saban-tekin\/\"><\/a><img loading=\"lazy\" decoding=\"async\" src=\"https:\/\/detuam.sbu.edu.tr\/wp-content\/uploads\/2021\/08\/Prof._Dr._Saban_TEKIN_HOL-200x200.jpg\" alt=\"Prof._Dr._\u015eaban_TEK\u0130N_HOL\" title=\"Prof._Dr._\u015eaban_TEK\u0130N_HOL\"  width=\"200\" height=\"200\"><div class=\"social-team\"><\/div><\/div><div class=\"content-team\"><h4 class=\"title\">Prof. Dr. \u015eaban TEK\u0130N\u00a0<\/h4><\/div><\/div><div class=\"our-team-item col-sm-3\"><div class=\"our-team-image\"> <a class=\"link-img\" href=\"https:\/\/detuam.sbu.edu.tr\/en\/our_team\/prof-dr-mahfuz-elmastas\/\"><\/a><img loading=\"lazy\" decoding=\"async\" src=\"https:\/\/detuam.sbu.edu.tr\/wp-content\/uploads\/2021\/08\/Prof.Dr_._Mahfuz_Elmastas\u0327_HOL-200x200.jpg\" alt=\"Prof.Dr._Mahfuz_Elmastas\u0327_HOL\" title=\"Prof.Dr._Mahfuz_Elmastas\u0327_HOL\"  width=\"200\" height=\"200\"><div class=\"social-team\"><\/div><\/div><div class=\"content-team\"><h4 class=\"title\">Prof. Dr. Mahfuz ELMASTA\u015e<\/h4><\/div><\/div><div class=\"our-team-item col-sm-3\"><div class=\"our-team-image\"> <a class=\"link-img\" href=\"https:\/\/detuam.sbu.edu.tr\/en\/our_team\/prof-dr-nihat-dilsiz\/\"><\/a><img loading=\"lazy\" decoding=\"async\" src=\"https:\/\/detuam.sbu.edu.tr\/wp-content\/uploads\/2022\/04\/Prof.-Dr.-Nihat-DI\u0307LSI\u0307Z-200x200.jpg\" alt=\"Prof. Dr. Nihat DI\u0307LSI\u0307Z\" title=\"Prof. Dr. Nihat DI\u0307LSI\u0307Z\"  width=\"200\" height=\"200\"><div class=\"social-team\"><\/div><\/div><div class=\"content-team\"><h4 class=\"title\">Prof. Dr. Nihat D\u0130LS\u0130Z<\/h4><\/div><\/div><div class=\"our-team-item col-sm-3\"><div class=\"our-team-image\"> <a class=\"link-img\" href=\"https:\/\/detuam.sbu.edu.tr\/en\/our_team\/prof-dr-yusuf-tutar\/\"><\/a><img loading=\"lazy\" decoding=\"async\" src=\"https:\/\/detuam.sbu.edu.tr\/wp-content\/uploads\/2021\/08\/Prof._Dr._Yusuf_TUTAR-200x200.jpg\" alt=\"Prof._Dr._Yusuf_TUTAR\" title=\"Prof._Dr._Yusuf_TUTAR\"  width=\"200\" height=\"200\"><div class=\"social-team\"><\/div><\/div><div class=\"content-team\"><h4 class=\"title\">Prof. Dr. Yusuf TUTAR<\/h4><\/div><\/div><div class=\"our-team-item col-sm-3\"><div class=\"our-team-image\"> <a class=\"link-img\" href=\"https:\/\/detuam.sbu.edu.tr\/en\/our_team\/assoc-prof-erkan-turker-boran\/\"><\/a><img loading=\"lazy\" decoding=\"async\" src=\"https:\/\/detuam.sbu.edu.tr\/wp-content\/uploads\/2021\/08\/Doc\u0327._Dr._Erkan_Tu\u0308rker_BORAN_HOL-200x200.jpg\" alt=\"Doc\u0327._Dr._Erkan_Tu\u0308rker_BORAN_HOL\" title=\"Doc\u0327._Dr._Erkan_Tu\u0308rker_BORAN_HOL\"  width=\"200\" height=\"200\"><div class=\"social-team\"><\/div><\/div><div class=\"content-team\"><h4 class=\"title\">Assoc.Prof. Erkan Turker BORAN<\/h4><\/div><\/div><div class=\"our-team-item col-sm-3\"><div class=\"our-team-image\"> <a class=\"link-img\" href=\"https:\/\/detuam.sbu.edu.tr\/en\/our_team\/assoc-prof-esra-guzel-tanoglu\/\"><\/a><img loading=\"lazy\" decoding=\"async\" src=\"https:\/\/detuam.sbu.edu.tr\/wp-content\/uploads\/2021\/06\/Dr._Oretim_Uyesi_Esra_GUZEL_TANOGLU-200x200.jpg\" alt=\"Dr._\u00d6retim_\u00dcyesi_Esra_G\u00dcZEL_TANO\u011eLU\" title=\"Dr._\u00d6retim_\u00dcyesi_Esra_G\u00dcZEL_TANO\u011eLU\"  width=\"200\" height=\"200\"><div class=\"social-team\"><\/div><\/div><div class=\"content-team\"><h4 class=\"title\">Assoc.Prof. Esra GUZEL TANOGLU<\/h4><\/div><\/div><div class=\"our-team-item col-sm-3\"><div class=\"our-team-image\"> <a class=\"link-img\" href=\"https:\/\/detuam.sbu.edu.tr\/en\/our_team\/asst-prof-ahmet-kati\/\"><\/a><img loading=\"lazy\" decoding=\"async\" src=\"https:\/\/detuam.sbu.edu.tr\/wp-content\/uploads\/2021\/08\/Ahmet-Kati-200x200.jpg\" alt=\"Ahmet-Kat\u0131\" title=\"Ahmet-Kat\u0131\"  width=\"200\" height=\"200\"><div class=\"social-team\"><\/div><\/div><div class=\"content-team\"><h4 class=\"title\">Asst. Prof. Ahmet KATI<\/h4><\/div><\/div><div class=\"our-team-item col-sm-3\"><div class=\"our-team-image\"> <a class=\"link-img\" href=\"https:\/\/detuam.sbu.edu.tr\/en\/our_team\/dr-ogr-uyesi-altay-savalan\/\"><\/a><img loading=\"lazy\" decoding=\"async\" src=\"https:\/\/detuam.sbu.edu.tr\/wp-content\/uploads\/2021\/08\/Dr._O\u0308g\u0306retim_U\u0308yesi_Altay_SAVALANRouhollah_HOL-200x200.jpg\" alt=\"Dr._O\u0308g\u0306retim_U\u0308yesi_Altay_SAVALAN(Rouhollah)_HOL\" title=\"Dr._O\u0308g\u0306retim_U\u0308yesi_Altay_SAVALAN(Rouhollah)_HOL\"  width=\"200\" height=\"200\"><div class=\"social-team\"><\/div><\/div><div class=\"content-team\"><h4 class=\"title\">Asst. Prof. Altay SAVALAN<\/h4><\/div><\/div><div class=\"our-team-item col-sm-3\"><div class=\"our-team-image\"> <a class=\"link-img\" href=\"https:\/\/detuam.sbu.edu.tr\/en\/our_team\/dr-ogr-uyesi-arif-mermer\/\"><\/a><img loading=\"lazy\" decoding=\"async\" src=\"https:\/\/detuam.sbu.edu.tr\/wp-content\/uploads\/2021\/08\/Dr._O\u0308g\u0306r._U\u0308yesi_Arif_MERMER_HOL-200x200.jpg\" alt=\"Dr._O\u0308g\u0306r._U\u0308yesi_Arif_MERMER_HOL\" title=\"Dr._O\u0308g\u0306r._U\u0308yesi_Arif_MERMER_HOL\"  width=\"200\" height=\"200\"><div class=\"social-team\"><\/div><\/div><div class=\"content-team\"><h4 class=\"title\">Dr. \u00d6\u011fr. \u00dcyesi Arif MERMER<\/h4><\/div><\/div><div class=\"our-team-item col-sm-3\"><div class=\"our-team-image\"> <a class=\"link-img\" href=\"https:\/\/detuam.sbu.edu.tr\/en\/our_team\/asst-prof-arif-mermer\/\"><\/a><img loading=\"lazy\" decoding=\"async\" src=\"https:\/\/detuam.sbu.edu.tr\/wp-content\/uploads\/2021\/08\/Dr._O\u0308g\u0306r._U\u0308yesi_Aydin_TAHMASEBI\u0307FAR_HOL-200x200.jpg\" alt=\"Dr._O\u0308g\u0306r._U\u0308yesi_Aydin_TAHMASEBI\u0307FAR_HOL\" title=\"Dr._O\u0308g\u0306r._U\u0308yesi_Aydin_TAHMASEBI\u0307FAR_HOL\"  width=\"200\" height=\"200\"><div class=\"social-team\"><\/div><\/div><div class=\"content-team\"><h4 class=\"title\">Asst. Prof. Arif MERMER<\/h4><\/div><\/div><div class=\"our-team-item col-sm-3\"><div class=\"our-team-image\"> <a class=\"link-img\" href=\"https:\/\/detuam.sbu.edu.tr\/en\/our_team\/asst-prof-bengi-yilmaz\/\"><\/a><img loading=\"lazy\" decoding=\"async\" src=\"https:\/\/detuam.sbu.edu.tr\/wp-content\/uploads\/2021\/08\/Dr._O\u0308g\u0306r._U\u0308yesi_Bengi_YILMAZ_HOL-200x200.jpg\" alt=\"Dr._O\u0308g\u0306r._U\u0308yesi_Bengi_YILMAZ_HOL\" title=\"Dr._O\u0308g\u0306r._U\u0308yesi_Bengi_YILMAZ_HOL\"  width=\"200\" height=\"200\"><div class=\"social-team\"><\/div><\/div><div class=\"content-team\"><h4 class=\"title\">Asst. Prof. \u00a0Bengi YILMAZ<\/h4><\/div><\/div><div class=\"our-team-item col-sm-3\"><div class=\"our-team-image\"> <a class=\"link-img\" href=\"https:\/\/detuam.sbu.edu.tr\/en\/our_team\/asst-prof-gamze-yesilay\/\"><\/a><img loading=\"lazy\" decoding=\"async\" src=\"https:\/\/detuam.sbu.edu.tr\/wp-content\/uploads\/2021\/08\/Dr._O\u0308g\u0306r._U\u0308yesi_Gamze_YES\u0327I\u0307LAY_HOL-200x200.jpg\" alt=\"Dr._O\u0308g\u0306r._U\u0308yesi_Gamze_YES\u0327I\u0307LAY_HOL\" title=\"Dr._O\u0308g\u0306r._U\u0308yesi_Gamze_YES\u0327I\u0307LAY_HOL\"  width=\"200\" height=\"200\"><div class=\"social-team\"><\/div><\/div><div class=\"content-team\"><h4 class=\"title\">Asst. Prof. Gamze YE\u015e\u0130LAY<\/h4><\/div><\/div><div class=\"our-team-item col-sm-3\"><div class=\"our-team-image\"> <a class=\"link-img\" href=\"https:\/\/detuam.sbu.edu.tr\/en\/our_team\/asst-prof-halil-kurt\/\"><\/a><img loading=\"lazy\" decoding=\"async\" src=\"https:\/\/detuam.sbu.edu.tr\/wp-content\/uploads\/2022\/01\/Dr.-ogr.-uyesi-Halil-KURT-200x200.jpg\" alt=\"Dr-ogr-uyesi-Halil-KURT\" title=\"Dr-ogr-uyesi-Halil-KURT\"  width=\"200\" height=\"200\"><div class=\"social-team\"><\/div><\/div><div class=\"content-team\"><h4 class=\"title\">Asst. Prof. \u00a0Halil KURT<\/h4><\/div><\/div><div class=\"our-team-item col-sm-3\"><div class=\"our-team-image\"> <a class=\"link-img\" href=\"https:\/\/detuam.sbu.edu.tr\/en\/our_team\/asst-prof-ozge-dinc\/\"><\/a><img loading=\"lazy\" decoding=\"async\" src=\"https:\/\/detuam.sbu.edu.tr\/wp-content\/uploads\/2021\/08\/Dr._O\u0308g\u0306r._U\u0308yesi_O\u0308zge_DI\u0307NC\u0327_HOL-200x200.jpg\" alt=\"Dr._O\u0308g\u0306r._U\u0308yesi_O\u0308zge_DI\u0307NC\u0327_HOL\" title=\"Dr._O\u0308g\u0306r._U\u0308yesi_O\u0308zge_DI\u0307NC\u0327_HOL\"  width=\"200\" height=\"200\"><div class=\"social-team\"><\/div><\/div><div class=\"content-team\"><h4 class=\"title\">Asst. Prof. \u00d6zge D\u0130N\u00c7<\/h4><\/div><\/div><div class=\"our-team-item col-sm-3\"><div class=\"our-team-image\"> <a class=\"link-img\" href=\"https:\/\/detuam.sbu.edu.tr\/en\/our_team\/asst-prof-ozlem-turksoy\/\"><\/a><img loading=\"lazy\" decoding=\"async\" src=\"https:\/\/detuam.sbu.edu.tr\/wp-content\/uploads\/2021\/08\/Dr._O\u0308g\u0306r._U\u0308yesi_O\u0308zlem_TU\u0308RKSOY_HOL-200x200.jpg\" alt=\"Dr._O\u0308g\u0306r._U\u0308yesi_O\u0308zlem_TU\u0308RKSOY_HOL\" title=\"Dr._O\u0308g\u0306r._U\u0308yesi_O\u0308zlem_TU\u0308RKSOY_HOL\"  width=\"200\" height=\"200\"><div class=\"social-team\"><\/div><\/div><div class=\"content-team\"><h4 class=\"title\">Asst. Prof. \u00d6zlem T\u00dcRKSOY<\/h4><\/div><\/div><div class=\"our-team-item col-sm-3\"><div class=\"our-team-image\"> <a class=\"link-img\" href=\"https:\/\/detuam.sbu.edu.tr\/en\/our_team\/asst-prof-seda-kelestemur\/\"><\/a><img loading=\"lazy\" decoding=\"async\" src=\"https:\/\/detuam.sbu.edu.tr\/wp-content\/uploads\/2021\/08\/Dr._O\u0308g\u0306r._U\u0308yesi_Seda_KELES\u0327TEMUR-200x200.jpg\" alt=\"Dr._O\u0308g\u0306r._U\u0308yesi_Seda_KELES\u0327TEMUR\" title=\"Dr._O\u0308g\u0306r._U\u0308yesi_Seda_KELES\u0327TEMUR\"  width=\"200\" height=\"200\"><div class=\"social-team\"><\/div><\/div><div class=\"content-team\"><h4 class=\"title\">Asst. Prof.\u00a0Seda KELE\u015eTEMUR<\/h4><\/div><\/div><div class=\"our-team-item col-sm-3\"><div class=\"our-team-image\"> <a class=\"link-img\" href=\"https:\/\/detuam.sbu.edu.tr\/en\/our_team\/asst-prof-sevde-altuntas\/\"><\/a><img loading=\"lazy\" decoding=\"async\" src=\"https:\/\/detuam.sbu.edu.tr\/wp-content\/uploads\/2021\/08\/Dr._O\u0308g\u0306r._U\u0308yesi_Sevde_ALTUNTAS\u0327_HOL-200x200.jpg\" alt=\"Dr._O\u0308g\u0306r._U\u0308yesi_Sevde_ALTUNTAS\u0327_HOL\" title=\"Dr._O\u0308g\u0306r._U\u0308yesi_Sevde_ALTUNTAS\u0327_HOL\"  width=\"200\" height=\"200\"><div class=\"social-team\"><\/div><\/div><div class=\"content-team\"><h4 class=\"title\">Asst. Prof. Sevde ALTUNTA\u015e<\/h4><\/div><\/div><div class=\"our-team-item col-sm-3\"><div class=\"our-team-image\"> <a class=\"link-img\" href=\"https:\/\/detuam.sbu.edu.tr\/en\/our_team\/asst-prof-sibel-bolek\/\"><\/a><img loading=\"lazy\" decoding=\"async\" src=\"https:\/\/detuam.sbu.edu.tr\/wp-content\/uploads\/2026\/04\/sibel-bolek-200x200.webp\" alt=\"sibel-bolek\" title=\"sibel-bolek\"  width=\"200\" height=\"200\"><div class=\"social-team\"><\/div><\/div><div class=\"content-team\"><h4 class=\"title\">Asst. Prof. Sibel B\u00d6LEK<\/h4><\/div><\/div><div class=\"our-team-item col-sm-3\"><div class=\"our-team-image\"> <a class=\"link-img\" href=\"https:\/\/detuam.sbu.edu.tr\/en\/our_team\/asst-prof-tugba-kul-koprulu\/\"><\/a><img loading=\"lazy\" decoding=\"async\" src=\"https:\/\/detuam.sbu.edu.tr\/wp-content\/uploads\/2026\/04\/tugba-kul-koprulu-200x200.webp\" alt=\"tugba-kul-koprulu\" title=\"tugba-kul-koprulu\"  width=\"200\" height=\"200\"><div class=\"social-team\"><\/div><\/div><div class=\"content-team\"><h4 class=\"title\">Asst. Prof. Tu\u011fba KUL K\u00d6PR\u00dcL\u00dc<\/h4><\/div><\/div><div class=\"our-team-item col-sm-3\"><div class=\"our-team-image\"> <a class=\"link-img\" href=\"https:\/\/detuam.sbu.edu.tr\/en\/our_team\/expert-vet-physician-cumaali-demirtas\/\"><\/a><img loading=\"lazy\" decoding=\"async\" src=\"https:\/\/detuam.sbu.edu.tr\/wp-content\/uploads\/2021\/08\/Uzm._Vet._Hekim_Cumaali_DEMI\u0307RTAS\u0327-200x200.jpg\" alt=\"Uzm._Vet._Hekim_Cumaali_DEMI\u0307RTAS\u0327\" title=\"Uzm._Vet._Hekim_Cumaali_DEMI\u0307RTAS\u0327\"  width=\"200\" height=\"200\"><div class=\"social-team\"><\/div><\/div><div class=\"content-team\"><h4 class=\"title\">Expert. Vet. Physician Cumaali DEM\u0130RTA\u015e<\/h4><\/div><\/div><div class=\"our-team-item col-sm-3\"><div class=\"our-team-image\"> <a class=\"link-img\" href=\"https:\/\/detuam.sbu.edu.tr\/en\/our_team\/res-asst-ezgi-selcuk\/\"><\/a><img loading=\"lazy\" decoding=\"async\" src=\"https:\/\/detuam.sbu.edu.tr\/wp-content\/uploads\/2022\/03\/ars_gor_ezgi_selcuk-200x200.jpg\" alt=\"ars_gor_ezgi_selcuk\" title=\"ars_gor_ezgi_selcuk\"  width=\"200\" height=\"200\"><div class=\"social-team\"><\/div><\/div><div class=\"content-team\"><h4 class=\"title\">Res. Asst. Ezgi SEL\u00c7UK<\/h4><\/div><\/div><div class=\"our-team-item col-sm-3\"><div class=\"our-team-image\"> <a class=\"link-img\" href=\"https:\/\/detuam.sbu.edu.tr\/en\/our_team\/senior-food-engineer-muhammed-ali-goktas\/\"><\/a><img loading=\"lazy\" decoding=\"async\" src=\"https:\/\/detuam.sbu.edu.tr\/wp-content\/uploads\/2022\/03\/gida_yuk_muh_muhammed_ali_goktas-200x200.jpg\" alt=\"g\u0131da_yuk_muh_muhammed_ali_goktas\" title=\"g\u0131da_yuk_muh_muhammed_ali_goktas\"  width=\"200\" height=\"200\"><div class=\"social-team\"><\/div><\/div><div class=\"content-team\"><h4 class=\"title\">Senior Food Engineer Muhammed Ali G\u00d6KTA\u015e<\/h4><\/div><\/div><\/div><\/div><\/div>[\/vc_column][\/vc_row]<\/p>\n<\/div>","protected":false},"excerpt":{"rendered":"<p>[vc_row css_animation=&#8221;fadeInUp&#8221;][vc_column el_class=&#8221;hak-img&#8221;][vc_column_text]The purpose of the laboratories established within the Valideba\u011f Research Park is to improve the scientific development of our country and to offer alternative solutions to the diagnosis and treatment processes of diseases. In addition, the aims of &hellip; <\/p>\n","protected":false},"author":6,"featured_media":0,"parent":12066,"menu_order":2,"comment_status":"closed","ping_status":"closed","template":"","meta":{"_bbp_topic_count":0,"_bbp_reply_count":0,"_bbp_total_topic_count":0,"_bbp_total_reply_count":0,"_bbp_voice_count":0,"_bbp_anonymous_reply_count":0,"_bbp_topic_count_hidden":0,"_bbp_reply_count_hidden":0,"_bbp_forum_subforum_count":0,"inline_featured_image":false,"footnotes":""},"class_list":["post-12068","page","type-page","status-publish","hentry"],"_links":{"self":[{"href":"https:\/\/detuam.sbu.edu.tr\/en\/wp-json\/wp\/v2\/pages\/12068","targetHints":{"allow":["GET"]}}],"collection":[{"href":"https:\/\/detuam.sbu.edu.tr\/en\/wp-json\/wp\/v2\/pages"}],"about":[{"href":"https:\/\/detuam.sbu.edu.tr\/en\/wp-json\/wp\/v2\/types\/page"}],"author":[{"embeddable":true,"href":"https:\/\/detuam.sbu.edu.tr\/en\/wp-json\/wp\/v2\/users\/6"}],"replies":[{"embeddable":true,"href":"https:\/\/detuam.sbu.edu.tr\/en\/wp-json\/wp\/v2\/comments?post=12068"}],"version-history":[{"count":4,"href":"https:\/\/detuam.sbu.edu.tr\/en\/wp-json\/wp\/v2\/pages\/12068\/revisions"}],"predecessor-version":[{"id":12583,"href":"https:\/\/detuam.sbu.edu.tr\/en\/wp-json\/wp\/v2\/pages\/12068\/revisions\/12583"}],"up":[{"embeddable":true,"href":"https:\/\/detuam.sbu.edu.tr\/en\/wp-json\/wp\/v2\/pages\/12066"}],"wp:attachment":[{"href":"https:\/\/detuam.sbu.edu.tr\/en\/wp-json\/wp\/v2\/media?parent=12068"}],"curies":[{"name":"wp","href":"https:\/\/api.w.org\/{rel}","templated":true}]}}