{"id":12078,"date":"2021-07-07T15:57:55","date_gmt":"2021-07-07T12:57:55","guid":{"rendered":"https:\/\/detuam.sbu.edu.tr\/ekip\/yonetim\/"},"modified":"2022-10-14T11:17:29","modified_gmt":"2022-10-14T08:17:29","slug":"administrative","status":"publish","type":"page","link":"https:\/\/detuam.sbu.edu.tr\/en\/team\/administrative\/","title":{"rendered":"Administrative"},"content":{"rendered":"<div class=\"wpb-content-wrapper\"><p>[vc_row][vc_column width=&#8221;1\/3&#8243;][vc_single_image image=&#8221;7972&#8243; img_size=&#8221;200&#215;200&#8243; alignment=&#8221;center&#8221; style=&#8221;vc_box_circle_2&#8243; onclick=&#8221;custom_link&#8221; link=&#8221;https:\/\/detuam.sbu.edu.tr\/our_team\/prof-dr-saban-tekin\/&#8221;][vc_column_text]<\/p>\n<h4 class=\"title\" style=\"text-align: center;\"><a href=\"https:\/\/detuam.sbu.edu.tr\/our_team\/prof-dr-saban-tekin\/\">Prof. Dr. \u015eaban TEK\u0130N<\/a><br \/>\n<a href=\"https:\/\/detuam.sbu.edu.tr\/our_team\/prof-dr-saban-tekin\/\">Merkez M\u00fcd\u00fcr\u00fc<\/a><\/h4>\n<p>[\/vc_column_text][\/vc_column][vc_column width=&#8221;1\/3&#8243;][vc_single_image image=&#8221;7973&#8243; img_size=&#8221;200&#215;200&#8243; alignment=&#8221;center&#8221; style=&#8221;vc_box_circle_2&#8243; onclick=&#8221;custom_link&#8221; link=&#8221;https:\/\/detuam.sbu.edu.tr\/our_team\/dr-ogr-uyesi-ahmet-kati\/&#8221;][vc_column_text]<\/p>\n<h4 class=\"title\" style=\"text-align: center;\"><a href=\"https:\/\/detuam.sbu.edu.tr\/our_team\/dr-ogr-uyesi-ahmet-kati\/\">Dr. \u00d6\u011fr. \u00dcyesi Ahmet KATI<br \/>\nM\u00fcd\u00fcr Yard\u0131mc\u0131s\u0131<\/a><\/h4>\n<p>[\/vc_column_text][\/vc_column][vc_column width=&#8221;1\/3&#8243;][vc_single_image image=&#8221;7989&#8243; img_size=&#8221;200&#215;200&#8243; alignment=&#8221;center&#8221; style=&#8221;vc_box_circle_2&#8243; onclick=&#8221;custom_link&#8221; link=&#8221;https:\/\/detuam.sbu.edu.tr\/our_team\/rifat-agirman\/&#8221;][vc_column_text]<\/p>\n<h4 class=\"title\" style=\"text-align: center;\"><a href=\"https:\/\/detuam.sbu.edu.tr\/our_team\/rifat-agirman\/\">R\u0131fat A\u011f\u0131rman<\/a><br \/>\n<a href=\"https:\/\/detuam.sbu.edu.tr\/our_team\/rifat-agirman\/\">\u0130dari M\u00fcd\u00fcr<\/a><\/h4>\n<p>[\/vc_column_text][\/vc_column][\/vc_row][vc_row full_width=&#8221;stretch_row&#8221; parallax=&#8221;content-moving&#8221; parallax_image=&#8221;9340&#8243; parallax_speed_bg=&#8221;2&#8243; css_animation=&#8221;fadeInUp&#8221; css=&#8221;.vc_custom_1641279398687{margin-bottom: -45px !important;}&#8221;][vc_column width=&#8221;1\/2&#8243;][vc_empty_space height=&#8221;100&#8243;]<div class=\"vc-extral_class wpb_animate_when_almost_visible wpb_fadeInUp fadeInUp\"><div class=\"thim-widget-heading template-base\"><div class=\"sc_heading  text-left\"><h3 style=\"color:#ffffff;\" class=\"title\">\u00d6nce do\u011fruyu bilmek gerekir, do\u011fru bilinirse yanl\u0131\u015f da bilinir. \u00d6nce yanl\u0131\u015f bilinirse do\u011fruya ula\u015f\u0131lamaz.<\/p>\n<p>-Farabi<\/h3><\/div><\/div><\/div>[\/vc_column][vc_column width=&#8221;1\/2&#8243;][vc_single_image image=&#8221;9328&#8243; img_size=&#8221;full&#8221; alignment=&#8221;right&#8221; style=&#8221;vc_box_outline&#8221; border_color=&#8221;white&#8221; css_animation=&#8221;fadeInUp&#8221;][\/vc_column][\/vc_row]<\/p>\n<\/div>","protected":false},"excerpt":{"rendered":"<p>[vc_row][vc_column width=&#8221;1\/3&#8243;][vc_single_image image=&#8221;7972&#8243; img_size=&#8221;200&#215;200&#8243; alignment=&#8221;center&#8221; style=&#8221;vc_box_circle_2&#8243; onclick=&#8221;custom_link&#8221; link=&#8221;https:\/\/detuam.sbu.edu.tr\/our_team\/prof-dr-saban-tekin\/&#8221;][vc_column_text] Prof. Dr. \u015eaban TEK\u0130N Merkez M\u00fcd\u00fcr\u00fc [\/vc_column_text][\/vc_column][vc_column width=&#8221;1\/3&#8243;][vc_single_image image=&#8221;7973&#8243; img_size=&#8221;200&#215;200&#8243; alignment=&#8221;center&#8221; style=&#8221;vc_box_circle_2&#8243; onclick=&#8221;custom_link&#8221; link=&#8221;https:\/\/detuam.sbu.edu.tr\/our_team\/dr-ogr-uyesi-ahmet-kati\/&#8221;][vc_column_text] Dr. \u00d6\u011fr. \u00dcyesi Ahmet KATI M\u00fcd\u00fcr Yard\u0131mc\u0131s\u0131 [\/vc_column_text][\/vc_column][vc_column width=&#8221;1\/3&#8243;][vc_single_image image=&#8221;7989&#8243; img_size=&#8221;200&#215;200&#8243; alignment=&#8221;center&#8221; style=&#8221;vc_box_circle_2&#8243; onclick=&#8221;custom_link&#8221; link=&#8221;https:\/\/detuam.sbu.edu.tr\/our_team\/rifat-agirman\/&#8221;][vc_column_text] R\u0131fat A\u011f\u0131rman \u0130dari &hellip; <\/p>\n","protected":false},"author":6,"featured_media":0,"parent":12077,"menu_order":12,"comment_status":"closed","ping_status":"closed","template":"","meta":{"_bbp_topic_count":0,"_bbp_reply_count":0,"_bbp_total_topic_count":0,"_bbp_total_reply_count":0,"_bbp_voice_count":0,"_bbp_anonymous_reply_count":0,"_bbp_topic_count_hidden":0,"_bbp_reply_count_hidden":0,"_bbp_forum_subforum_count":0,"inline_featured_image":false,"footnotes":""},"class_list":["post-12078","page","type-page","status-publish","hentry"],"_links":{"self":[{"href":"https:\/\/detuam.sbu.edu.tr\/en\/wp-json\/wp\/v2\/pages\/12078","targetHints":{"allow":["GET"]}}],"collection":[{"href":"https:\/\/detuam.sbu.edu.tr\/en\/wp-json\/wp\/v2\/pages"}],"about":[{"href":"https:\/\/detuam.sbu.edu.tr\/en\/wp-json\/wp\/v2\/types\/page"}],"author":[{"embeddable":true,"href":"https:\/\/detuam.sbu.edu.tr\/en\/wp-json\/wp\/v2\/users\/6"}],"replies":[{"embeddable":true,"href":"https:\/\/detuam.sbu.edu.tr\/en\/wp-json\/wp\/v2\/comments?post=12078"}],"version-history":[{"count":1,"href":"https:\/\/detuam.sbu.edu.tr\/en\/wp-json\/wp\/v2\/pages\/12078\/revisions"}],"predecessor-version":[{"id":12111,"href":"https:\/\/detuam.sbu.edu.tr\/en\/wp-json\/wp\/v2\/pages\/12078\/revisions\/12111"}],"up":[{"embeddable":true,"href":"https:\/\/detuam.sbu.edu.tr\/en\/wp-json\/wp\/v2\/pages\/12077"}],"wp:attachment":[{"href":"https:\/\/detuam.sbu.edu.tr\/en\/wp-json\/wp\/v2\/media?parent=12078"}],"curies":[{"name":"wp","href":"https:\/\/api.w.org\/{rel}","templated":true}]}}