{"id":12087,"date":"2021-08-19T12:27:21","date_gmt":"2021-08-19T09:27:21","guid":{"rendered":"https:\/\/detuam.sbu.edu.tr\/isbirlikleri\/arastirma-inovasyon-urun\/"},"modified":"2022-10-26T17:42:52","modified_gmt":"2022-10-26T14:42:52","slug":"research-innovation-product","status":"publish","type":"page","link":"https:\/\/detuam.sbu.edu.tr\/en\/cooperations\/research-innovation-product\/","title":{"rendered":"Research-Innovation-Product"},"content":{"rendered":"<div class=\"wpb-content-wrapper\"><p>[vc_row][vc_column]<div class=\"thim-widget-heading template-base\"><div class=\"sc_heading  \"><h3 style=\"color:#103d66;\" class=\"title\">Research, Innovation, Product<\/h3><p class=\"sub-heading\" style=\"color:#781031;\">Empower your ideas with knowledge<\/p><span class=\"line\"><\/span><\/div><\/div>[\/vc_column][\/vc_row][vc_row full_width=&#8221;stretch_row&#8221; css=&#8221;.vc_custom_1647246585039{background-position: center !important;background-repeat: no-repeat !important;background-size: contain !important;}&#8221;][vc_column][vc_column_text]Within the scope of the Research, Innovation, Product Development program, entrepreneurs, health industry, health technology manufacturers will be able to form a cooperation with our center that covers the stages from idea to product and can produce high value-added products.[\/vc_column_text][\/vc_column][\/vc_row][vc_row][vc_column width=&#8221;1\/2&#8243;][vc_single_image image=&#8221;10843&#8243; img_size=&#8221;full&#8221;][\/vc_column][vc_column width=&#8221;1\/2&#8243;][vc_column_text]<\/p>\n<h3><strong>Importance of Research, Innovation, Product Development Program<\/strong><\/h3>\n<p>A new industrial revolution started a short time ago with Industry 4.0 and high technology meeting with heavy industry. With the onset of the biotechnology era in the 21st century, it is predicted that the period in which groundbreaking biotechnology solutions will emerge as well as high technology will last until 2100. In this process, as a center that produces active solutions, develops products and aims to stay ahead of the times, we care about the innovation process from idea to product.[\/vc_column_text][\/vc_column][\/vc_row][vc_row][vc_column width=&#8221;1\/2&#8243;][vc_column_text]<\/p>\n<h3><strong>Objectives of Research, Innovation, Product Development Program<\/strong><\/h3>\n<ul>\n<li>Providing independent R&amp;D activities in the processes from idea to product in the fields of biotechnology and health,<\/li>\n<li>Providing services and solutions for biotechnology companies from laboratory to market, briefly Technology Readiness Level (TRL) 1 to 8,<\/li>\n<li>Contributing to the development of new products by being a guide to the brands in the biotechnology sector on the use of the latest technologies that will minimize high-quality costs with testing, training and research activities and projects that will compete at international standards,<\/li>\n<li>It is aimed to increase the number of products, designs, utility models and patents resulting from R&amp;D studies and to ensure their international recognition and sustainability.<\/li>\n<\/ul>\n<p>[\/vc_column_text][\/vc_column][vc_column width=&#8221;1\/2&#8243;][vc_single_image image=&#8221;10841&#8243; img_size=&#8221;full&#8221;][\/vc_column][\/vc_row][vc_row full_width=&#8221;stretch_row&#8221; parallax=&#8221;content-moving-fade&#8221; parallax_image=&#8221;10834&#8243; parallax_speed_bg=&#8221;1.3&#8243;][vc_column][vc_empty_space height=&#8221;320px&#8221;][\/vc_column][\/vc_row][vc_row][vc_column][vc_column_text]<\/p>\n<h3><strong>Advantages of Research, Innovation, Product Development Program<\/strong><\/h3>\n<ul>\n<li>Transforming innovative ideas into products with the knowledge in our center, reaching a competitive level on a global scale<\/li>\n<li>Providing 360-degree direct access to information and technology<\/li>\n<li>Formation of a strong association in the field of biotechnology in health<\/li>\n<\/ul>\n<p>[\/vc_column_text][\/vc_column][\/vc_row][vc_row][vc_column][vc_column_text]<\/p>\n<h3><strong>What Is My Technology Readiness Level?<\/strong><\/h3>\n<p>[\/vc_column_text][\/vc_column][\/vc_row][vc_row][vc_column width=&#8221;1\/2&#8243;][vc_single_image image=&#8221;10839&#8243; img_size=&#8221;full&#8221;][\/vc_column][vc_column width=&#8221;1\/2&#8243;][vc_column_text]General Description<\/p>\n<p><a href=\"https:\/\/www.tubitak.gov.tr\/sites\/default\/files\/2204\/trl_tubitak_4.pdf\" target=\"_blank\" rel=\"noopener\">https:\/\/www.tubitak.gov.tr\/sites\/default\/files\/2204\/trl_tubitak_4.pdf<\/a><u><\/u><\/p>\n<p>&nbsp;<\/p>\n<p>Leveling Questionnaire<\/p>\n<p><a href=\"https:\/\/detuam.sbu.edu.tr\/wp-content\/uploads\/2022\/03\/tubitak-ths-soru-setleri.xlsx\">T\u00dcB\u0130TAK Teknolojik Haz\u0131rl\u0131k Seviyesi Belirleme Soru Seti THS: 0<\/a>[\/vc_column_text][\/vc_column][\/vc_row][vc_row][vc_column]<div class=\"thim-widget-heading template-base\"><div class=\"sc_heading  \"><h3 style=\"color:#781031;\" class=\"title\">Support Programs and Funds for Research, Innovation, Product Development Program<\/h3><p class=\"sub-heading\" style=\"\">Depending on the type of support programs listed below, our center may take part in projects as an executive, researcher, service provider, solution partner and academic advisor.<\/p><span class=\"line\"><\/span><\/div><\/div>[vc_tta_accordion active_section=&#8221;&#8221; collapsible_all=&#8221;true&#8221;][vc_tta_section title=&#8221;1507 \u2013 TUBITAK SME R&amp;D Start-up Support Programme&#8221; tab_id=&#8221;1647242473103-138c5e90-b5bc&#8221;][vc_column_text]<a href=\"https:\/\/www.tubitak.gov.tr\/tr\/destekler\/sanayi\/ulusal-destek-programlari\/icerik-1507-tubitak-kobi-ar-ge-baslangic-destek-programi\">https:\/\/www.tubitak.gov.tr\/tr\/destekler\/sanayi\/ulusal-destek-programlari\/icerik-1507-tubitak-kobi-ar-ge-baslangic-destek-programi<\/a>[\/vc_column_text][\/vc_tta_section][vc_tta_section title=&#8221;1512 \u2013 Entrepreneurship Support Programme (BiGG)&#8221; tab_id=&#8221;1647242719640-3a4bcbac-a965&#8243;][vc_column_text]<a href=\"https:\/\/www.tubitak.gov.tr\/tr\/destekler\/sanayi\/ulusal-destek-programlari\/icerik-1512-girisimcilik-destek-programi-bigg\">https:\/\/www.tubitak.gov.tr\/tr\/destekler\/sanayi\/ulusal-destek-programlari\/icerik-1512-girisimcilik-destek-programi-bigg<\/a>[\/vc_column_text][\/vc_tta_section][\/vc_tta_accordion][\/vc_column][\/vc_row][vc_row][vc_column]<div class=\"thim-widget-heading template-base\"><div class=\"sc_heading  \"><h3 style=\"color:#103d66;\" class=\"title\">You can contact us for detailed information<\/h3><span class=\"line\"><\/span><\/div><\/div>[vc_column_text]\n<div class=\"wpcf7 no-js\" id=\"wpcf7-f12562-o1\" lang=\"en-US\" dir=\"ltr\" data-wpcf7-id=\"12562\">\n<div class=\"screen-reader-response\"><p role=\"status\" aria-live=\"polite\" aria-atomic=\"true\"><\/p> <ul><\/ul><\/div>\n<form action=\"\/en\/wp-json\/wp\/v2\/pages\/12087#wpcf7-f12562-o1\" method=\"post\" class=\"wpcf7-form init\" aria-label=\"Contact form\" novalidate=\"novalidate\" data-status=\"init\">\n<fieldset class=\"hidden-fields-container\"><input type=\"hidden\" name=\"_wpcf7\" value=\"12562\" \/><input type=\"hidden\" name=\"_wpcf7_version\" value=\"6.1.5\" \/><input type=\"hidden\" name=\"_wpcf7_locale\" value=\"en_US\" \/><input type=\"hidden\" name=\"_wpcf7_unit_tag\" value=\"wpcf7-f12562-o1\" \/><input type=\"hidden\" name=\"_wpcf7_container_post\" value=\"0\" \/><input type=\"hidden\" name=\"_wpcf7_posted_data_hash\" value=\"\" \/>\n<\/fieldset>\n<p><span class=\"wpcf7-form-control-wrap\" data-name=\"your-name\"><input size=\"40\" maxlength=\"400\" class=\"wpcf7-form-control wpcf7-text wpcf7-validates-as-required\" aria-required=\"true\" aria-invalid=\"false\" placeholder=\"Your name *\" value=\"\" type=\"text\" name=\"your-name\" \/><\/span>\n<\/p>\n<p><span class=\"wpcf7-form-control-wrap\" data-name=\"your-email\"><input size=\"40\" maxlength=\"400\" class=\"wpcf7-form-control wpcf7-email wpcf7-validates-as-required wpcf7-text wpcf7-validates-as-email\" aria-required=\"true\" aria-invalid=\"false\" placeholder=\"E-Mail *\" value=\"\" type=\"email\" name=\"your-email\" \/><\/span>\n<\/p>\n<p><span class=\"wpcf7-form-control-wrap\" data-name=\"your-subject\"><input size=\"40\" maxlength=\"400\" class=\"wpcf7-form-control wpcf7-text wpcf7-validates-as-required\" aria-required=\"true\" aria-invalid=\"false\" placeholder=\"Subject *\" value=\"\" type=\"text\" name=\"your-subject\" \/><\/span>\n<\/p>\n<p><span class=\"wpcf7-form-control-wrap\" data-name=\"your-message\"><textarea cols=\"40\" rows=\"10\" maxlength=\"2000\" class=\"wpcf7-form-control wpcf7-textarea wpcf7-validates-as-required\" aria-required=\"true\" aria-invalid=\"false\" placeholder=\"Message*\" name=\"your-message\"><\/textarea><\/span>\n<\/p>\n<p><input class=\"wpcf7-form-control wpcf7-submit has-spinner\" type=\"submit\" value=\"Submit\" \/>\n<\/p><div class=\"wpcf7-response-output\" aria-hidden=\"true\"><\/div>\n<\/form>\n<\/div>\n[\/vc_column_text][\/vc_column][\/vc_row]<\/p>\n<\/div>","protected":false},"excerpt":{"rendered":"<p>[vc_row][vc_column][\/vc_column][\/vc_row][vc_row full_width=&#8221;stretch_row&#8221; css=&#8221;.vc_custom_1647246585039{background-position: center !important;background-repeat: no-repeat !important;background-size: contain !important;}&#8221;][vc_column][vc_column_text]Within the scope of the Research, Innovation, Product Development program, entrepreneurs, health industry, health technology manufacturers will be able to form a cooperation with our center that covers the stages from idea &hellip; <\/p>\n","protected":false},"author":6,"featured_media":0,"parent":12086,"menu_order":21,"comment_status":"closed","ping_status":"closed","template":"","meta":{"_bbp_topic_count":0,"_bbp_reply_count":0,"_bbp_total_topic_count":0,"_bbp_total_reply_count":0,"_bbp_voice_count":0,"_bbp_anonymous_reply_count":0,"_bbp_topic_count_hidden":0,"_bbp_reply_count_hidden":0,"_bbp_forum_subforum_count":0,"inline_featured_image":false,"footnotes":""},"class_list":["post-12087","page","type-page","status-publish","hentry"],"_links":{"self":[{"href":"https:\/\/detuam.sbu.edu.tr\/en\/wp-json\/wp\/v2\/pages\/12087","targetHints":{"allow":["GET"]}}],"collection":[{"href":"https:\/\/detuam.sbu.edu.tr\/en\/wp-json\/wp\/v2\/pages"}],"about":[{"href":"https:\/\/detuam.sbu.edu.tr\/en\/wp-json\/wp\/v2\/types\/page"}],"author":[{"embeddable":true,"href":"https:\/\/detuam.sbu.edu.tr\/en\/wp-json\/wp\/v2\/users\/6"}],"replies":[{"embeddable":true,"href":"https:\/\/detuam.sbu.edu.tr\/en\/wp-json\/wp\/v2\/comments?post=12087"}],"version-history":[{"count":4,"href":"https:\/\/detuam.sbu.edu.tr\/en\/wp-json\/wp\/v2\/pages\/12087\/revisions"}],"predecessor-version":[{"id":12565,"href":"https:\/\/detuam.sbu.edu.tr\/en\/wp-json\/wp\/v2\/pages\/12087\/revisions\/12565"}],"up":[{"embeddable":true,"href":"https:\/\/detuam.sbu.edu.tr\/en\/wp-json\/wp\/v2\/pages\/12086"}],"wp:attachment":[{"href":"https:\/\/detuam.sbu.edu.tr\/en\/wp-json\/wp\/v2\/media?parent=12087"}],"curies":[{"name":"wp","href":"https:\/\/api.w.org\/{rel}","templated":true}]}}