{"id":12089,"date":"2021-08-19T12:27:47","date_gmt":"2021-08-19T09:27:47","guid":{"rendered":"https:\/\/detuam.sbu.edu.tr\/isbirlikleri\/universite-universite-birlikteligi\/"},"modified":"2022-10-26T17:42:13","modified_gmt":"2022-10-26T14:42:13","slug":"university-university-collaboration","status":"publish","type":"page","link":"https:\/\/detuam.sbu.edu.tr\/en\/cooperations\/university-university-collaboration\/","title":{"rendered":"University-University Collaboration"},"content":{"rendered":"<div class=\"wpb-content-wrapper\"><p>[vc_row][vc_column]<div class=\"thim-widget-heading template-base\"><div class=\"sc_heading  \"><h3 style=\"color:#103d66;\" class=\"title\">University-University\/Public Collaboration<\/h3><p class=\"sub-heading\" style=\"color:#781031;\">Maximum unity in health for the future of humanity...<\/p><span class=\"line\"><\/span><\/div><\/div>[\/vc_column][\/vc_row][vc_row][vc_column][vc_column_text]Within the scope of the University-University\/Public Partnership program, it is aimed to use all the infrastructure and facilities provided by our center in a way to cover public institutions as well as universities in our country and abroad. Thus, it is foreseen to establish strong collaborations for interdisciplinary research.<\/p>\n<p>Thanks to its strong infrastructure, our center has the potential to become an important partner that can provide solutions on both national and global scales for multi-centre project partnerships.<\/p>\n<p>In our country, a cooperation model in which projects, activities, events and organizations will be carried out jointly with different public institutions, especially the R&amp;D units of institutions such as the Ministry of Health, the Ministry of Industry and Technology, the Ministry of Agriculture and Forestry, is aimed. In this context, it is planned to transfer the information produced in our center to the public in a way that will provide added value, by organizing joint R&amp;D activities especially with public institutions.[\/vc_column_text][\/vc_column][\/vc_row][vc_row][vc_column width=&#8221;1\/2&#8243;][vc_column_text]<\/p>\n<h3><strong>Importance of University-University\/Public Partnership Program<\/strong><\/h3>\n<p>Important infrastructure facilities created with public resources in different research centers, especially universities, should be used with maximum benefit. It is important to adopt a holistic approach, especially by ensuring that different infrastructure facilities complement each other. For this purpose, the infrastructure facilities of our center have been made ready for the use of researchers in our country.[\/vc_column_text][\/vc_column][vc_column width=&#8221;1\/2&#8243;][vc_single_image image=&#8221;10857&#8243; img_size=&#8221;full&#8221;][\/vc_column][\/vc_row][vc_row][vc_column width=&#8221;1\/2&#8243;][vc_column_text]<\/p>\n<h3><strong>Objectives of the University-University\/Public Partnership Program<\/strong><\/h3>\n<p>&nbsp;<\/p>\n<ul>\n<li>Ensuring that our country&#8217;s R&amp;D and innovation power is increased with public institutions,<\/li>\n<li>Implementing a model in which universities and public institutions can work effectively,<\/li>\n<li>Transferring the knowledge produced in universities to public institutions as technology,<\/li>\n<li>Ensuring the successful operation of university-public-industry collaborations.<\/li>\n<\/ul>\n<p>[\/vc_column_text][\/vc_column][vc_column width=&#8221;1\/2&#8243;][vc_single_image image=&#8221;10856&#8243; img_size=&#8221;full&#8221;][\/vc_column][\/vc_row][vc_row][vc_column][vc_column_text]<\/p>\n<h3><strong>Advantages of University-University\/Public Partnership Program<\/strong><\/h3>\n<ul>\n<li>Ensuring efficient use of public resources,<\/li>\n<li>Thanks to university-university collaborations, undergraduate and graduate students get to know and access different research infrastructure opportunities.<\/li>\n<li>Creating multi-disciplinary and partnership working groups and using competencies to complement each other.<\/li>\n<\/ul>\n<p>[\/vc_column_text][\/vc_column][\/vc_row][vc_row][vc_column]<div class=\"thim-widget-heading template-base\"><div class=\"sc_heading  \"><h3 style=\"color:#781031;\" class=\"title\">Support Programs and Funds for University-University\/Public Partnership Program<\/h3><p class=\"sub-heading\" style=\"\">Depending on the type of support programs listed below, our center may take part in projects as an executive, researcher, service provider, solution partner and academic advisor.<\/p><span class=\"line\"><\/span><\/div><\/div>[vc_tta_accordion active_section=&#8221;&#8221; collapsible_all=&#8221;true&#8221;][vc_tta_section title=&#8221;1000 &#8211; Funding Program for improving R&amp;D Potential of Universities&#8221; tab_id=&#8221;1647242473103-138c5e90-b5bc&#8221;][vc_column_text]<a href=\"https:\/\/www.tubitak.gov.tr\/tr\/destekler\/akademik\/ulusal-destek-programlari\/icerik-1000-universitelerin-arastirma-ve-gelistirme-potansiyelinin-artirilmasina-yonelik-destek-programi\">https:\/\/www.tubitak.gov.tr\/tr\/destekler\/akademik\/ulusal-destek-programlari\/icerik-1000-universitelerin-arastirma-ve-gelistirme-potansiyelinin-artirilmasina-yonelik-destek-programi<\/a>[\/vc_column_text][\/vc_tta_section][vc_tta_section title=&#8221;1001 &#8211; Support Program for Scientific and Technological Research Projects&#8221; tab_id=&#8221;1647242719640-3a4bcbac-a965&#8243;][vc_column_text]<a href=\"https:\/\/www.tubitak.gov.tr\/tr\/destekler\/sanayi\/ulusal-destek-programlari\/icerik-1512-girisimcilik-destek-programi-bigg\">https:\/\/www.tubitak.gov.tr\/tr\/destekler\/akademik\/ulusal-destek-programlari\/icerik-1001-bilimsel-ve-teknolojik-arastirma-projelerini-destekleme-programi<\/a>[\/vc_column_text][\/vc_tta_section][vc_tta_section title=&#8221;1002 &#8211; Short Term R&amp;D Funding Program&#8221; tab_id=&#8221;1647243167372-33808951-0053&#8243;][vc_column_text]<a href=\"https:\/\/www.tubitak.gov.tr\/tr\/destekler\/akademik\/ulusal-destek-programlari\/icerik-1002-hizli-destek-programi\">https:\/\/www.tubitak.gov.tr\/tr\/destekler\/akademik\/ulusal-destek-programlari\/icerik-1002-hizli-destek-programi<\/a>[\/vc_column_text][\/vc_tta_section][vc_tta_section title=&#8221;1003 &#8211; Primary Subjects R&amp;D Funding Program&#8221; tab_id=&#8221;1647243184747-b8a6eb18-592f&#8221;][vc_column_text]<a href=\"https:\/\/www.tubitak.gov.tr\/tr\/destekler\/akademik\/ulusal-destek-programlari\/icerik-1003-oncelikli-alanlar-ar-ge-projeleri-destekleme-programi\">https:\/\/www.tubitak.gov.tr\/tr\/destekler\/akademik\/ulusal-destek-programlari\/icerik-1003-oncelikli-alanlar-ar-ge-projeleri-destekleme-programi<\/a>[\/vc_column_text][\/vc_tta_section][vc_tta_section title=&#8221;1005 &#8211; National New Ideas And New Products Research Funding Program&#8221; tab_id=&#8221;1647243199200-542df95d-4d2c&#8221;][vc_column_text]<a href=\"https:\/\/www.tubitak.gov.tr\/tr\/destekler\/akademik\/ulusal-destek-programlari\/icerik-1005-ulusal-yeni-fikirler-ve-urunler-arastirma-destek-programi\">https:\/\/www.tubitak.gov.tr\/tr\/destekler\/akademik\/ulusal-destek-programlari\/icerik-1005-ulusal-yeni-fikirler-ve-urunler-arastirma-destek-programi<\/a>[\/vc_column_text][\/vc_tta_section][vc_tta_section title=&#8221;1007-Public Institutions Research and Development Projects Support Program&#8221; tab_id=&#8221;1647243219576-42bd7db8-3c35&#8243;][vc_column_text]<a href=\"https:\/\/www.tubitak.gov.tr\/tr\/destekler\/kamu\/ulusal-destek-programlari\/icerik-1007-kamu-kurumlari-arastirma-ve-gelistirme-projelerini-dp\">https:\/\/www.tubitak.gov.tr\/tr\/destekler\/kamu\/ulusal-destek-programlari\/icerik-1007-kamu-kurumlari-arastirma-ve-gelistirme-projelerini-dp<\/a>[\/vc_column_text][\/vc_tta_section][vc_tta_section title=&#8221;3501 &#8211; Career Development Program (CAREER)&#8221; tab_id=&#8221;1647243255148-4e73978c-a6b0&#8243;][vc_column_text]<a href=\"https:\/\/www.tubitak.gov.tr\/tr\/destekler\/akademik\/ulusal-destek-programlari\/icerik-3501-kariyer-gelistirme-programi\">https:\/\/www.tubitak.gov.tr\/tr\/destekler\/akademik\/ulusal-destek-programlari\/icerik-3501-kariyer-gelistirme-programi<\/a>[\/vc_column_text][\/vc_tta_section][vc_tta_section title=&#8221;1071 Program&#8221; tab_id=&#8221;1647243235661-7c5cee51-1940&#8243;][vc_column_text]<a href=\"https:\/\/www.tubitak.gov.tr\/tr\/destekler\/akademik\/uluslararasi-destek-programlari\/icerik-1071-programi\">https:\/\/www.tubitak.gov.tr\/tr\/destekler\/akademik\/uluslararasi-destek-programlari\/icerik-1071-programi<\/a>[\/vc_column_text][\/vc_tta_section][vc_tta_section title=&#8221;Multilateral Programs&#8221; tab_id=&#8221;1647243279101-216d3a84-1a61&#8243;][vc_column_text]<a href=\"https:\/\/www.tubitak.gov.tr\/tr\/kurumsal\/uluslararasi\/icerik-cok-tarafli-programlar\">https:\/\/www.tubitak.gov.tr\/tr\/kurumsal\/uluslararasi\/icerik-cok-tarafli-programlar<\/a>[\/vc_column_text][\/vc_tta_section][vc_tta_section title=&#8221;COST (European Cooperation in Science and Technology)&#8221; tab_id=&#8221;1647243294210-c38ceb68-c7ed&#8221;][vc_column_text]<a href=\"https:\/\/www.tubitak.gov.tr\/tr\/kurumsal\/uluslararasi\/cok-tarafli-programlar\/cost\/icerik-cost\">https:\/\/www.tubitak.gov.tr\/tr\/kurumsal\/uluslararasi\/cok-tarafli-programlar\/cost\/icerik-cost<\/a>[\/vc_column_text][\/vc_tta_section][vc_tta_section title=&#8221;Horizon Europe Program&#8221; tab_id=&#8221;1647243314300-0b7415ee-5d8d&#8221;][vc_column_text]<a href=\"https:\/\/www.tubitak.gov.tr\/tr\/destekler\/kamu\/uluslararasi-destek-programlari\/icerik-ufuk-avrupa-programi\">https:\/\/www.tubitak.gov.tr\/tr\/destekler\/kamu\/uluslararasi-destek-programlari\/icerik-ufuk-avrupa-programi<\/a>[\/vc_column_text][\/vc_tta_section][vc_tta_section title=&#8221;General Directorate of Agricultural Research and Policies (TAGEM)&#8221; tab_id=&#8221;1647243328564-8bc7236b-fc30&#8243;][vc_column_text]<a href=\"https:\/\/www.tarimorman.gov.tr\/TAGEM\/Menu\/82\/Ar-Ge-Destek-Programi\">https:\/\/www.tarimorman.gov.tr\/TAGEM\/Menu\/82\/Ar-Ge-Destek-Programi<\/a>[\/vc_column_text][\/vc_tta_section][vc_tta_section title=&#8221;Health Institutes of Turkey (T\u00dcSEB)&#8221; tab_id=&#8221;1647243363191-48604610-155d&#8221;][vc_column_text]<a href=\"https:\/\/www.tuseb.gov.tr\/\">https:\/\/www.tuseb.gov.tr\/<\/a>[\/vc_column_text][\/vc_tta_section][vc_tta_section title=&#8221;Istanbul Development Agency (\u0130STKA)&#8221; tab_id=&#8221;1647243380226-6283baeb-1254&#8243;][vc_column_text]<a href=\"https:\/\/www.istka.org.tr\/tr\/destekler\/destek-turleri\/\">https:\/\/www.istka.org.tr\/tr\/destekler\/destek-turleri\/<\/a>[\/vc_column_text][\/vc_tta_section][\/vc_tta_accordion][\/vc_column][\/vc_row][vc_row][vc_column]<div class=\"thim-widget-heading template-base\"><div class=\"sc_heading  \"><h3 style=\"color:#103d66;\" class=\"title\">Our Collaborations<\/h3><span class=\"line\"><\/span><\/div><\/div><div class=\"thim-widget-list-post template-list-post\">\n<div class=\"sc-list-post thim-list-posts home-new\" >\n\t<div class=\"item-post post-12226 post type-post status-publish format-standard hentry category-university-university-collaboration\">\n\t\t<div class=\"article-title-wrapper\"><h5 class=\"title\"><a href=\"https:\/\/detuam.sbu.edu.tr\/en\/collaboration-with-visiting-researchers-in-biomaterials\/\" class=\"article-title\">Collaboration with Visiting Researchers in Biomaterials\u00a0<\/a><\/h5><div class=\"article-date\"><i class=\"tk tk-calendar-with-week-focus\"><\/i> <span class=\"month\">February<\/span> <span class=\"day\">23<\/span>, <span class=\"year\">2022<\/span><\/div><div class=\"description\"><p>Dr. Lecturer \u00d6zge Erdemli from the Department of Molecular Biology and Genetics at Ba\u015fkent University. Prof. Dr. \u00d6zge Erdemli from the Department of Molecular Biology and Genetics at Ba\u015fkent University visited our Center as a guest researcher between August 23 - September 3, 2021, hosted by one of our...<\/p><\/div><\/div><\/div>\n\t<div class=\"item-post post-12222 post type-post status-publish format-standard hentry category-university-university-collaboration\">\n\t\t<div class=\"article-title-wrapper\"><h5 class=\"title\"><a href=\"https:\/\/detuam.sbu.edu.tr\/en\/tokat-gaziosmanpasa-universitesi-ile-tagem-ar-ge-destek-programi-ortakligi\/\" class=\"article-title\">Tokat Gaziosmanpa\u015fa University and TAGEM R&#038;D Support Program Partnership<\/a><\/h5><div class=\"article-date\"><i class=\"tk tk-calendar-with-week-focus\"><\/i> <span class=\"month\">February<\/span> <span class=\"day\">23<\/span>, <span class=\"year\">2022<\/span><\/div><div class=\"description\"><p>One of the researchers of our center, Dr. Assist. Prof. Dr. Sevde Altunta\u015f and Dr. Lecturer. Prof. Dr. Sevde Altunta\u015f and Prof. Dr. Ahmet Kat\u0131, researchers of our center, were entitled to support the project titled \"Investigation of the Effectiveness of Antimicrobial Peptide Produced from Waste Chicken Feather to...<\/p><\/div><\/div><\/div>\n\t<div class=\"item-post post-12224 post type-post status-publish format-standard hentry category-university-university-collaboration\">\n\t\t<div class=\"article-title-wrapper\"><h5 class=\"title\"><a href=\"https:\/\/detuam.sbu.edu.tr\/en\/tubitak-nsfc-china-bilateral-cooperation-project\/\" class=\"article-title\">T\u00dcB\u0130TAK &#8211; NSFC (China) Bilateral Cooperation Project<\/a><\/h5><div class=\"article-date\"><i class=\"tk tk-calendar-with-week-focus\"><\/i> <span class=\"month\">February<\/span> <span class=\"day\">23<\/span>, <span class=\"year\">2022<\/span><\/div><div class=\"description\"><p>The Water Institute of Turkey will contribute as a project partner together with Marmara University Department of Environmental Engineering, General Directorate of Food and Control Istanbul Pendik Veterinary Control Institute and Health Sciences University International Medical Faculty to the project \"Establishment of a SARS-CoV-2 Surveillance System for Public Health...<\/p><\/div><\/div><\/div>\n\t<div class=\"item-post post-12221 post type-post status-publish format-standard hentry category-university-university-collaboration\">\n\t\t<div class=\"article-title-wrapper\"><h5 class=\"title\"><a href=\"https:\/\/detuam.sbu.edu.tr\/en\/tubitak-1001-project-partnership-with-gebze-technical-university\/\" class=\"article-title\">TUBITAK 1001 Project Partnership with Gebze Technical University<\/a><\/h5><div class=\"article-date\"><i class=\"tk tk-calendar-with-week-focus\"><\/i> <span class=\"month\">February<\/span> <span class=\"day\">23<\/span>, <span class=\"year\">2022<\/span><\/div><div class=\"description\"><p>The 1001 project titled \"Establishment of a Wheat-Specific Microbial Consortium and Design of a New Biofertilizer Formulation through Immobilization of the Consortium into PolyHipe Polymer\", which is carried out by Prof. Dr. Yelda \u00d6zden \u00c7ift\u00e7i, a faculty member of Gebze Technical University, and in which Dr. \u00d6zge Din\u00e7 is...<\/p><\/div><\/div><\/div>\n\t<div class=\"item-post post-12223 post type-post status-publish format-standard hentry category-university-university-collaboration\">\n\t\t<div class=\"article-title-wrapper\"><h5 class=\"title\"><a href=\"https:\/\/detuam.sbu.edu.tr\/en\/tubitak-1001-project-partnership-with-gebze-technical-university-2\/\" class=\"article-title\">TUBITAK 1001 Project Partnership with Gebze Technical University<\/a><\/h5><div class=\"article-date\"><i class=\"tk tk-calendar-with-week-focus\"><\/i> <span class=\"month\">February<\/span> <span class=\"day\">23<\/span>, <span class=\"year\">2022<\/span><\/div><div class=\"description\"><p>Dr. Assist. Prof. Dr. \u00d6zge Din\u00e7, who is a researcher at our center, and Prof. Dr. Yelda \u00d6zden \u00c7ift\u00e7i, a faculty member of Gebze Technical University, is the executive director of the 1001 project titled \"Establishment of a Wheat-Specific Microbial Consortium and Design of a New Biofertilizer Formulation by...<\/p><\/div><\/div><\/div>\n\t<div class=\"item-post post-12225 post type-post status-publish format-standard hentry category-university-university-collaboration\">\n\t\t<div class=\"article-title-wrapper\"><h5 class=\"title\"><a href=\"https:\/\/detuam.sbu.edu.tr\/en\/tubitak-1001-project-partnership-with-tekirdag-namik-kemal-university\/\" class=\"article-title\">TUBITAK 1001 Project Partnership with Tekirdag Namik Kemal University<\/a><\/h5><div class=\"article-date\"><i class=\"tk tk-calendar-with-week-focus\"><\/i> <span class=\"month\">February<\/span> <span class=\"day\">23<\/span>, <span class=\"year\">2022<\/span><\/div><div class=\"description\"><p>The 1001 project titled \"Identification, Biochemical Characterization and Biotechnological Applications of New Xylanase Enzymes with Different Extremophilic Properties Originating from Anatolian Water Buffalo Rumen through Sequence Homology Based Metagenomics Approach\" with the number KBAG 121Z943, which was carried out by Dr. Yusuf S\u00fcrmeli from Tekirda\u011f Nam\u0131k Kemal University, where...<\/p><\/div><\/div><\/div>\n\t<div class=\"item-post post-12220 post type-post status-publish format-standard hentry category-university-university-collaboration\">\n\t\t<div class=\"article-title-wrapper\"><h5 class=\"title\"><a href=\"https:\/\/detuam.sbu.edu.tr\/en\/tubitak-1002-project-partnership-with-giresun-university\/\" class=\"article-title\">TUBITAK 1002 Project Partnership with Giresun University<\/a><\/h5><div class=\"article-date\"><i class=\"tk tk-calendar-with-week-focus\"><\/i> <span class=\"month\">February<\/span> <span class=\"day\">23<\/span>, <span class=\"year\">2022<\/span><\/div><div class=\"description\"><p>One of the researchers of our center, Dr. Assoc. Prof. Dr. Arif MERMER, one of the researchers of our center, is the researcher of the 1002 project titled \"Synthesis of Propofol-like New Generation Hybrid Molecules and Determination of Anesthetic Properties by Molecular Texturing Method\", which is carried out by...<\/p><\/div><\/div><\/div>\n\t<div class=\"item-post post-12219 post type-post status-publish format-standard hentry category-university-university-collaboration\">\n\t\t<div class=\"article-title-wrapper\"><h5 class=\"title\"><a href=\"https:\/\/detuam.sbu.edu.tr\/en\/medeniyet-universitesinde-ile-tubitak-1003-projesi-ortakligi\/\" class=\"article-title\">TUBITAK 1003 Project Partnership with Medeniyet University<\/a><\/h5><div class=\"article-date\"><i class=\"tk tk-calendar-with-week-focus\"><\/i> <span class=\"month\">February<\/span> <span class=\"day\">23<\/span>, <span class=\"year\">2022<\/span><\/div><div class=\"description\"><p>In the T\u00fcbitak 1003 project titled \"Molecular Mechanisms in Heroin Dependent Brain Tissue\" led by Prof. Dr. Sadrettin Pen\u00e7e from Medeniyet University, Dr. Assist. Prof. Dr. Esra G\u00fczel Tano\u011flu is working as a researcher.<\/p><\/div><\/div><\/div><\/div><\/div>[\/vc_column][\/vc_row][vc_row][vc_column]<div class=\"thim-widget-heading template-base\"><div class=\"sc_heading  \"><h3 style=\"color:#103d66;\" class=\"title\">You can contact us for detailed information<\/h3><span class=\"line\"><\/span><\/div><\/div>[vc_column_text]\n<div class=\"wpcf7 no-js\" id=\"wpcf7-f12560-o1\" lang=\"en-US\" dir=\"ltr\" data-wpcf7-id=\"12560\">\n<div class=\"screen-reader-response\"><p role=\"status\" aria-live=\"polite\" aria-atomic=\"true\"><\/p> <ul><\/ul><\/div>\n<form action=\"\/en\/wp-json\/wp\/v2\/pages\/12089#wpcf7-f12560-o1\" method=\"post\" class=\"wpcf7-form init\" aria-label=\"Contact form\" novalidate=\"novalidate\" data-status=\"init\">\n<fieldset class=\"hidden-fields-container\"><input type=\"hidden\" name=\"_wpcf7\" value=\"12560\" \/><input type=\"hidden\" name=\"_wpcf7_version\" value=\"6.1.5\" \/><input type=\"hidden\" name=\"_wpcf7_locale\" value=\"en_US\" \/><input type=\"hidden\" name=\"_wpcf7_unit_tag\" value=\"wpcf7-f12560-o1\" \/><input type=\"hidden\" name=\"_wpcf7_container_post\" value=\"0\" \/><input type=\"hidden\" name=\"_wpcf7_posted_data_hash\" value=\"\" \/>\n<\/fieldset>\n<p><span class=\"wpcf7-form-control-wrap\" data-name=\"your-name\"><input size=\"40\" maxlength=\"400\" class=\"wpcf7-form-control wpcf7-text wpcf7-validates-as-required\" aria-required=\"true\" aria-invalid=\"false\" placeholder=\"Your name *\" value=\"\" type=\"text\" name=\"your-name\" \/><\/span>\n<\/p>\n<p><span class=\"wpcf7-form-control-wrap\" data-name=\"your-email\"><input size=\"40\" maxlength=\"400\" class=\"wpcf7-form-control wpcf7-email wpcf7-validates-as-required wpcf7-text wpcf7-validates-as-email\" aria-required=\"true\" aria-invalid=\"false\" placeholder=\"E-Mail *\" value=\"\" type=\"email\" name=\"your-email\" \/><\/span>\n<\/p>\n<p><span class=\"wpcf7-form-control-wrap\" data-name=\"your-subject\"><input size=\"40\" maxlength=\"400\" class=\"wpcf7-form-control wpcf7-text wpcf7-validates-as-required\" aria-required=\"true\" aria-invalid=\"false\" placeholder=\"Subject *\" value=\"\" type=\"text\" name=\"your-subject\" \/><\/span>\n<\/p>\n<p><span class=\"wpcf7-form-control-wrap\" data-name=\"your-message\"><textarea cols=\"40\" rows=\"10\" maxlength=\"2000\" class=\"wpcf7-form-control wpcf7-textarea wpcf7-validates-as-required\" aria-required=\"true\" aria-invalid=\"false\" placeholder=\"Message*\" name=\"your-message\"><\/textarea><\/span>\n<\/p>\n<p><input class=\"wpcf7-form-control wpcf7-submit has-spinner\" type=\"submit\" value=\"Submit\" \/>\n<\/p><div class=\"wpcf7-response-output\" aria-hidden=\"true\"><\/div>\n<\/form>\n<\/div>\n[\/vc_column_text][\/vc_column][\/vc_row]<\/p>\n<\/div>","protected":false},"excerpt":{"rendered":"<p>[vc_row][vc_column][\/vc_column][\/vc_row][vc_row][vc_column][vc_column_text]Within the scope of the University-University\/Public Partnership program, it is aimed to use all the infrastructure and facilities provided by our center in a way to cover public institutions as well as universities in our country and abroad. Thus, it &hellip; <\/p>\n","protected":false},"author":6,"featured_media":0,"parent":12086,"menu_order":23,"comment_status":"closed","ping_status":"closed","template":"","meta":{"_bbp_topic_count":0,"_bbp_reply_count":0,"_bbp_total_topic_count":0,"_bbp_total_reply_count":0,"_bbp_voice_count":0,"_bbp_anonymous_reply_count":0,"_bbp_topic_count_hidden":0,"_bbp_reply_count_hidden":0,"_bbp_forum_subforum_count":0,"inline_featured_image":false,"footnotes":""},"class_list":["post-12089","page","type-page","status-publish","hentry"],"_links":{"self":[{"href":"https:\/\/detuam.sbu.edu.tr\/en\/wp-json\/wp\/v2\/pages\/12089","targetHints":{"allow":["GET"]}}],"collection":[{"href":"https:\/\/detuam.sbu.edu.tr\/en\/wp-json\/wp\/v2\/pages"}],"about":[{"href":"https:\/\/detuam.sbu.edu.tr\/en\/wp-json\/wp\/v2\/types\/page"}],"author":[{"embeddable":true,"href":"https:\/\/detuam.sbu.edu.tr\/en\/wp-json\/wp\/v2\/users\/6"}],"replies":[{"embeddable":true,"href":"https:\/\/detuam.sbu.edu.tr\/en\/wp-json\/wp\/v2\/comments?post=12089"}],"version-history":[{"count":4,"href":"https:\/\/detuam.sbu.edu.tr\/en\/wp-json\/wp\/v2\/pages\/12089\/revisions"}],"predecessor-version":[{"id":12564,"href":"https:\/\/detuam.sbu.edu.tr\/en\/wp-json\/wp\/v2\/pages\/12089\/revisions\/12564"}],"up":[{"embeddable":true,"href":"https:\/\/detuam.sbu.edu.tr\/en\/wp-json\/wp\/v2\/pages\/12086"}],"wp:attachment":[{"href":"https:\/\/detuam.sbu.edu.tr\/en\/wp-json\/wp\/v2\/media?parent=12089"}],"curies":[{"name":"wp","href":"https:\/\/api.w.org\/{rel}","templated":true}]}}