{"id":12093,"date":"2021-11-29T14:17:49","date_gmt":"2021-11-29T11:17:49","guid":{"rendered":"https:\/\/detuam.sbu.edu.tr\/faaliyetler\/oduller\/"},"modified":"2022-10-14T11:20:38","modified_gmt":"2022-10-14T08:20:38","slug":"awards","status":"publish","type":"page","link":"https:\/\/detuam.sbu.edu.tr\/en\/activities\/awards\/","title":{"rendered":"Awards"},"content":{"rendered":"<div class=\"wpb-content-wrapper\"><p>[vc_row_inner][vc_column_inner]<div id=\"tablepress-Sbu_Awards_Table-scroll-wrapper\" class=\"tablepress-scroll-wrapper\">\n\n<table id=\"tablepress-Sbu_Awards_Table\" class=\"tablepress tablepress-id-Sbu_Awards_Table tablepress-responsive\">\n<thead>\n<tr class=\"row-1\">\n\t<th class=\"column-1\">Esra G\u00dcZEL TANO\u011eLU<\/th><th class=\"column-2\">4-Phenyl butyric acid improves hepatic ischemia\/reperfusion injury via decreasing<br \/>\nendoplasmic reticulum stress and affects ATP-Binding Cassette Transporter Genes expression levels , T\u00fcrk Karaci\u011fer<br \/>\nAra\u015ft\u0131rmalar\u0131 Derne\u011fi<\/th><th class=\"column-3\">S\u00f6zl\u00fc Bildiri Birincilik \u00d6d\u00fcl\u00fc<\/th><th class=\"column-4\">30\/05\/2021<\/th>\n<\/tr>\n<\/thead>\n<tbody class=\"row-striping row-hover\">\n<tr class=\"row-2\">\n\t<td class=\"column-1\">Yusuf TUTAR<\/td><td class=\"column-2\">VDGOOD<\/td><td class=\"column-3\">Outstanding Scientist Award<\/td><td class=\"column-4\">.2021<\/td>\n<\/tr>\n<tr class=\"row-3\">\n\t<td class=\"column-1\">Sibel B\u00d6LEK<\/td><td class=\"column-2\">Sa\u011fl\u0131k Bilimleri \u00dcniversitesi<\/td><td class=\"column-3\">Patent Alan\u0131nda \u0130kincilik \u00d6d\u00fcl\u00fc<\/td><td class=\"column-4\">08\/11\/2021<\/td>\n<\/tr>\n<tr class=\"row-4\">\n\t<td class=\"column-1\">\u00d6zge Din\u00e7<\/td><td class=\"column-2\">Sa\u011fl\u0131k Bilimleri \u00dcniversitesi<\/td><td class=\"column-3\">Proje Alan\u0131nda \u00dc\u00e7\u00fcnc\u00fcl\u00fck \u00d6d\u00fcl\u00fc<\/td><td class=\"column-4\">08\/11\/2021<\/td>\n<\/tr>\n<\/tbody>\n<\/table>\n\n<\/div><!-- #tablepress-Sbu_Awards_Table from cache -->[\/vc_column_inner][\/vc_row_inner]<\/p>\n<\/div>","protected":false},"excerpt":{"rendered":"<p>[vc_row_inner][vc_column_inner][\/vc_column_inner][\/vc_row_inner]<\/p>\n","protected":false},"author":6,"featured_media":0,"parent":12090,"menu_order":27,"comment_status":"closed","ping_status":"closed","template":"","meta":{"_bbp_topic_count":0,"_bbp_reply_count":0,"_bbp_total_topic_count":0,"_bbp_total_reply_count":0,"_bbp_voice_count":0,"_bbp_anonymous_reply_count":0,"_bbp_topic_count_hidden":0,"_bbp_reply_count_hidden":0,"_bbp_forum_subforum_count":0,"inline_featured_image":false,"footnotes":""},"class_list":["post-12093","page","type-page","status-publish","hentry"],"_links":{"self":[{"href":"https:\/\/detuam.sbu.edu.tr\/en\/wp-json\/wp\/v2\/pages\/12093","targetHints":{"allow":["GET"]}}],"collection":[{"href":"https:\/\/detuam.sbu.edu.tr\/en\/wp-json\/wp\/v2\/pages"}],"about":[{"href":"https:\/\/detuam.sbu.edu.tr\/en\/wp-json\/wp\/v2\/types\/page"}],"author":[{"embeddable":true,"href":"https:\/\/detuam.sbu.edu.tr\/en\/wp-json\/wp\/v2\/users\/6"}],"replies":[{"embeddable":true,"href":"https:\/\/detuam.sbu.edu.tr\/en\/wp-json\/wp\/v2\/comments?post=12093"}],"version-history":[{"count":1,"href":"https:\/\/detuam.sbu.edu.tr\/en\/wp-json\/wp\/v2\/pages\/12093\/revisions"}],"predecessor-version":[{"id":12126,"href":"https:\/\/detuam.sbu.edu.tr\/en\/wp-json\/wp\/v2\/pages\/12093\/revisions\/12126"}],"up":[{"embeddable":true,"href":"https:\/\/detuam.sbu.edu.tr\/en\/wp-json\/wp\/v2\/pages\/12090"}],"wp:attachment":[{"href":"https:\/\/detuam.sbu.edu.tr\/en\/wp-json\/wp\/v2\/media?parent=12093"}],"curies":[{"name":"wp","href":"https:\/\/api.w.org\/{rel}","templated":true}]}}