{"id":12095,"date":"2015-10-22T03:17:26","date_gmt":"2015-10-22T00:17:26","guid":{"rendered":"https:\/\/detuam.sbu.edu.tr\/iletisim\/"},"modified":"2026-04-02T13:11:47","modified_gmt":"2026-04-02T10:11:47","slug":"contact","status":"publish","type":"page","link":"https:\/\/detuam.sbu.edu.tr\/en\/contact\/","title":{"rendered":"Contact"},"content":{"rendered":"<div class=\"wpb-content-wrapper\"><p>[vc_row css=&#8221;.vc_custom_1470926290410{margin-top: 30px !important;margin-bottom: 80px !important;}&#8221;][vc_column width=&#8221;1\/2&#8243; css=&#8221;.vc_custom_1470924989540{padding-right: 30px !important;}&#8221;][vc_row_inner][vc_column_inner]<div class=\"thim-widget-heading template-base\"><div class=\"sc_heading  \"><h3 style=\"color:#103d66;\" class=\"title\">Contact information<\/h3><p class=\"sub-heading\" style=\"\">You can contact us for our services and requests in all areas.<\/p><\/div><\/div>[\/vc_column_inner][\/vc_row_inner][vc_row_inner css=&#8221;.vc_custom_1470926005243{margin-right: 0px !important;margin-left: 0px !important;border-top-width: 1px !important;border-top-color: #eeeeee !important;border-top-style: solid !important;}&#8221;][vc_column_inner width=&#8221;1\/2&#8243; css=&#8221;.vc_custom_1470926107488{padding-right: 0px !important;padding-left: 0px !important;}&#8221;]<div class=\"thim-widget-icon-box template-base\"><div class=\"wrapper-box-icon has_custom_image text-left contact_info\"  ><div class=\"smicon-box iconbox-left\"><div class=\"boxes-icon\" style=\"width: 30px;\"><a class=\"icon-box-link\" target=\"_self\" href=\"tel:+908505052802\" ><span class=\"inner-icon\"><span class=\"icon\"><i class=\"fas fa-phone-alt\" style=\"color:#781031; font-size:24px; line-height:24px; vertical-align: middle;\"><\/i><\/span><\/span><\/a><\/div><div class=\"content-inner\"  style=\"width: calc( 100% - 30px - 15px);\"><div class=\"sc-heading article_heading\"><h3 class = \"heading__primary\" ><a class=\"icon-box-link\" target=\"_self\" href=\"tel:+908505052802\" >Centre Director Assist. Phone<\/a><\/h3><\/div><div class=\"desc-icon-box\"><div class=\"desc-content\" style=\"font-size: 14px;line-height: 21px;\"><a class=\"icon-box-link\" target=\"_self\" href=\"tel:+908505052802\" >0850 505 28 02<\/a><\/div><\/div><\/div><\/div><!--end smicon-box--><\/div><\/div>[\/vc_column_inner][vc_column_inner width=&#8221;1\/2&#8243; css=&#8221;.vc_custom_1470926116338{padding-right: 0px !important;padding-left: 0px !important;}&#8221;]<div class=\"thim-widget-icon-box template-base\"><div class=\"wrapper-box-icon has_custom_image text-left contact_info\"  ><div class=\"smicon-box iconbox-left\"><div class=\"boxes-icon\" style=\"width: 30px;\"><a class=\"icon-box-link\" target=\"_self\" href=\"tel:+908505052803\" ><span class=\"inner-icon\"><span class=\"icon\"><i class=\"fas fa-phone-alt\" style=\"color:#781031; font-size:24px; line-height:24px; vertical-align: middle;\"><\/i><\/span><\/span><\/a><\/div><div class=\"content-inner\"  style=\"width: calc( 100% - 30px - 15px);\"><div class=\"sc-heading article_heading\"><h3 class = \"heading__primary\" ><a class=\"icon-box-link\" target=\"_self\" href=\"tel:+908505052803\" >Administrative Manager Phone<\/a><\/h3><\/div><div class=\"desc-icon-box\"><div class=\"desc-content\" style=\"font-size: 14px;line-height: 21px;\"><a class=\"icon-box-link\" target=\"_self\" href=\"tel:+908505052803\" >0850 505 28 03<\/a><\/div><\/div><\/div><\/div><!--end smicon-box--><\/div><\/div>[\/vc_column_inner][\/vc_row_inner][vc_row_inner css=&#8221;.vc_custom_1470926166389{margin-right: 0px !important;margin-left: 0px !important;border-top-width: 1px !important;border-top-color: #eeeeee !important;border-top-style: solid !important;}&#8221;][vc_column_inner width=&#8221;1\/2&#8243; css=&#8221;.vc_custom_1470926141337{padding-right: 0px !important;padding-left: 0px !important;}&#8221;]<div class=\"thim-widget-icon-box template-base\"><div class=\"wrapper-box-icon has_custom_image text-left contact_info\"  ><div class=\"smicon-box iconbox-left\"><div class=\"boxes-icon\" style=\"width: 30px;\"><span class=\"inner-icon\"><span class=\"icon\"><i class=\"far fa-envelope\" style=\"color:#781031; font-size:24px; line-height:24px; vertical-align: middle;\"><\/i><\/span><\/span><\/div><div class=\"content-inner\"  style=\"width: calc( 100% - 30px - 15px);\"><div class=\"sc-heading article_heading\"><h3 class = \"heading__primary\" >E-Mail<\/h3><\/div><div class=\"desc-icon-box\"><div class=\"desc-content\" style=\"font-size: 14px;line-height: 21px;\">detuam@sbu.edu.tr<\/div><\/div><\/div><\/div><!--end smicon-box--><\/div><\/div>[\/vc_column_inner][vc_column_inner width=&#8221;1\/2&#8243;]<div class=\"thim-widget-icon-box template-base\"><div class=\"wrapper-box-icon has_custom_image text-left contact_info\"  ><div class=\"smicon-box iconbox-left\"><div class=\"boxes-icon\" style=\"width: 30px;\"><span class=\"inner-icon\"><span class=\"icon\"><i class=\"far fa-map\" style=\"color:#781031; font-size:24px; line-height:24px; vertical-align: middle;\"><\/i><\/span><\/span><\/div><div class=\"content-inner\"  style=\"width: calc( 100% - 30px - 15px);\"><div class=\"sc-heading article_heading\"><h3 class = \"heading__primary\" >Address<\/h3><\/div><div class=\"desc-icon-box\"><div class=\"desc-content\" style=\"font-size: 14px;line-height: 21px;\">Deneysel T\u0131p Uygulama ve Ara\u015ft\u0131rma Merkezi<br \/>\nValideba\u011f Ara\u015ft\u0131rma Park\u0131<br \/>\nKalfa\u00e7e\u015fme Sok. No:1 Blok:D<br \/>\nAltunizade, \u00dcsk\u00fcdar<br \/>\n34662 \u0130STANBUL<\/div><\/div><\/div><\/div><!--end smicon-box--><\/div><\/div>[\/vc_column_inner][\/vc_row_inner][\/vc_column][vc_column width=&#8221;1\/2&#8243; css=&#8221;.vc_custom_1470924975090{padding-left: 30px !important;}&#8221;][vc_row_inner][vc_column_inner]<div class=\"thim-widget-heading template-base\"><div class=\"sc_heading  \"><h3 style=\"color:#103d66;\" class=\"title\">Contact Us<\/h3><p class=\"sub-heading\" style=\"\">All your information will remain confidential within the scope of KVKK. Marked fields are required.<\/p><\/div><\/div>[\/vc_column_inner][\/vc_row_inner][vc_column_text]\n<div class=\"wpcf7 no-js\" id=\"wpcf7-f12563-o1\" lang=\"en-US\" dir=\"ltr\" data-wpcf7-id=\"12563\">\n<div class=\"screen-reader-response\"><p role=\"status\" aria-live=\"polite\" aria-atomic=\"true\"><\/p> <ul><\/ul><\/div>\n<form action=\"\/en\/wp-json\/wp\/v2\/pages\/12095#wpcf7-f12563-o1\" method=\"post\" class=\"wpcf7-form init\" aria-label=\"Contact form\" novalidate=\"novalidate\" data-status=\"init\">\n<fieldset class=\"hidden-fields-container\"><input type=\"hidden\" name=\"_wpcf7\" value=\"12563\" \/><input type=\"hidden\" name=\"_wpcf7_version\" value=\"6.1.5\" \/><input type=\"hidden\" name=\"_wpcf7_locale\" value=\"en_US\" \/><input type=\"hidden\" name=\"_wpcf7_unit_tag\" value=\"wpcf7-f12563-o1\" \/><input type=\"hidden\" name=\"_wpcf7_container_post\" value=\"0\" \/><input type=\"hidden\" name=\"_wpcf7_posted_data_hash\" value=\"\" \/>\n<\/fieldset>\n<p><span class=\"wpcf7-form-control-wrap\" data-name=\"your-name\"><input size=\"40\" maxlength=\"400\" class=\"wpcf7-form-control wpcf7-text wpcf7-validates-as-required\" aria-required=\"true\" aria-invalid=\"false\" placeholder=\"Your name *\" value=\"\" type=\"text\" name=\"your-name\" \/><\/span>\n<\/p>\n<p><span class=\"wpcf7-form-control-wrap\" data-name=\"your-email\"><input size=\"40\" maxlength=\"400\" class=\"wpcf7-form-control wpcf7-email wpcf7-validates-as-required wpcf7-text wpcf7-validates-as-email\" aria-required=\"true\" aria-invalid=\"false\" placeholder=\"E-Mail *\" value=\"\" type=\"email\" name=\"your-email\" \/><\/span>\n<\/p>\n<p><span class=\"wpcf7-form-control-wrap\" data-name=\"your-subject\"><input size=\"40\" maxlength=\"400\" class=\"wpcf7-form-control wpcf7-text wpcf7-validates-as-required\" aria-required=\"true\" aria-invalid=\"false\" placeholder=\"Subject *\" value=\"\" type=\"text\" name=\"your-subject\" \/><\/span>\n<\/p>\n<p><span class=\"wpcf7-form-control-wrap\" data-name=\"your-message\"><textarea cols=\"40\" rows=\"10\" maxlength=\"2000\" class=\"wpcf7-form-control wpcf7-textarea wpcf7-validates-as-required\" aria-required=\"true\" aria-invalid=\"false\" placeholder=\"Message*\" name=\"your-message\"><\/textarea><\/span>\n<\/p>\n<p><input class=\"wpcf7-form-control wpcf7-submit has-spinner\" type=\"submit\" value=\"Submit\" \/>\n<\/p><div class=\"wpcf7-response-output\" aria-hidden=\"true\"><\/div>\n<\/form>\n<\/div>\n[\/vc_column_text][\/vc_column][\/vc_row][vc_row full_width=&#8221;stretch_row&#8221; css=&#8221;.vc_custom_1646663881595{margin-top: 30px !important;margin-bottom: -50px !important;background-color: #f9f9f9 !important;}&#8221;][vc_column css=&#8221;.vc_custom_1470924989540{padding-right: 30px !important;}&#8221;]<div class=\"thim-widget-heading template-base\"><div class=\"sc_heading  \"><h2 style=\"color:#103d66;\" class=\"title\">Transport<\/h2><\/div><\/div>[vc_row_inner][vc_column_inner width=&#8221;1\/2&#8243;][vc_single_image image=&#8221;11917&#8243; alignment=&#8221;center&#8221;]<div class=\"thim-widget-heading template-base\"><div class=\"sc_heading  \"><h3 style=\"color:#103d66;\" class=\"title\">IETT Buses<\/h3><p class=\"sub-heading\" style=\"\">By using IETT bus connections, you can get off at Adile Sultan Kasr\u0131 stop from many points of the city and come to the Experimental Medicine Research and Application Center (DETUAM).<\/p><\/div><\/div>[\/vc_column_inner][vc_column_inner width=&#8221;1\/2&#8243;][vc_single_image image=&#8221;11915&#8243; alignment=&#8221;center&#8221;]<div class=\"thim-widget-heading template-base\"><div class=\"sc_heading  \"><h3 style=\"color:#103d66;\" class=\"title\">Metrobus<\/h3><p class=\"sub-heading\" style=\"\">You can come to the Experimental Medicine Research and Application Center (DETUAM) by taking the 14t bus from the Uzuncayir stop with the Avc\u0131lar \u2013 S\u00f6\u011f\u00fctl\u00fc\u00e7e\u015fme Metrobus line.<\/p><\/div><\/div>[\/vc_column_inner][\/vc_row_inner][vc_row_inner][vc_column_inner width=&#8221;1\/2&#8243;][vc_single_image image=&#8221;11913&#8243; alignment=&#8221;center&#8221;]<div class=\"thim-widget-heading template-base\"><div class=\"sc_heading  \"><h3 style=\"color:#103d66;\" class=\"title\">Marmaray<\/h3><p class=\"sub-heading\" style=\"\">From the European side, you can get off at the Ayr\u0131l\u0131k \u00c7e\u015fmesi stop by using the Marmaray and take the 14c bus from the Kad\u0131k\u00f6y stop and get off at the Adile Sultan Kasr\u0131 stop and come to the Experimental Medicine Research and Application Center (DETUAM).<\/p><\/div><\/div>[\/vc_column_inner][vc_column_inner width=&#8221;1\/2&#8243;][vc_single_image image=&#8221;11914&#8243; alignment=&#8221;center&#8221;]<div class=\"thim-widget-heading template-base\"><div class=\"sc_heading  \"><h3 style=\"color:#103d66;\" class=\"title\">Metro<\/h3><p class=\"sub-heading\" style=\"\">By using Kad\u0131k\u00f6y Tav\u015fantepe Metro, you can get off at Ayr\u0131l\u0131k \u00c7e\u015fmesi stop and take a 15-minute walk or take 14c buses from Kad\u0131k\u00f6y stop and get off at Adile Sultan Kasr\u0131 stop and come to the Experimental Medicine Research and Application Center (DETUAM).<\/p><\/div><\/div>[\/vc_column_inner][\/vc_row_inner][vc_row_inner][vc_column_inner width=&#8221;1\/2&#8243;][vc_single_image image=&#8221;11916&#8243; alignment=&#8221;center&#8221;]<div class=\"thim-widget-heading template-base\"><div class=\"sc_heading  \"><h3 style=\"color:#103d66;\" class=\"title\">Intercity Bus<\/h3><p class=\"sub-heading\" style=\"\">You can reach the Harem Bus Terminal from any point in Turkey, you can easily get off the 11t bus from the harem platform stop and come to the Experimental Medicine Research and Application Center (DETUAM) by getting off the Adile Sultan Kasr\u0131 stop.<\/p><\/div><\/div>[\/vc_column_inner][vc_column_inner width=&#8221;1\/2&#8243;][vc_single_image image=&#8221;11912&#8243; alignment=&#8221;center&#8221;]<div class=\"thim-widget-heading template-base\"><div class=\"sc_heading  \"><h3 style=\"color:#103d66;\" class=\"title\">Airline<\/h3><p class=\"sub-heading\" style=\"\">You can come to Istanbul Sabiha G\u00f6k\u00e7en Airport and Istanbul Airport with thousands of direct flights from every point of Turkey and the world to Istanbul every day, and you can come to the Experimental Medicine Research and Application Center (DETUAM) by using IETT, METRO, METROBUS, MARMARAY.<\/p><\/div><\/div>[\/vc_column_inner][\/vc_row_inner][\/vc_column][\/vc_row][vc_row full_width=&#8221;stretch_row_content_no_spaces&#8221; css=&#8221;.vc_custom_1638185936842{margin-bottom: 0px !important;}&#8221;][vc_column]<div class=\"thim-widget-google-map template-google-map\"><div class=\"thim-map-iframe\" style =\"height: 450px\"><iframe frameborder=\"0\" scrolling=\"no\" marginheight=\"0\" marginwidth=\"0\" src=\"https:\/\/maps.google.com\/maps?q=Sa%C4%9Fl%C4%B1k%20Bilimleri%20%C3%9Cniversitesi%20Deneysel%20T%C4%B1p%20Uygulama%20ve%20Ara%C5%9Ft%C4%B1rma%20Merkezi%20Valideba%C4%9F%20Ara%C5%9Ft%C4%B1rma%20Park%C4%B1&amp;t=m&amp;z=18&amp;output=embed&amp;iwloc=near\" title=\"Sa\u011fl\u0131k Bilimleri \u00dcniversitesi Deneysel T\u0131p Uygulama ve Ara\u015ft\u0131rma Merkezi Valideba\u011f Ara\u015ft\u0131rma Park\u0131\" aria-label=\"Sa\u011fl\u0131k Bilimleri \u00dcniversitesi Deneysel T\u0131p Uygulama ve Ara\u015ft\u0131rma Merkezi Valideba\u011f Ara\u015ft\u0131rma Park\u0131\"><\/iframe><\/div>\n<\/div>[\/vc_column][\/vc_row]<\/p>\n<\/div>","protected":false},"excerpt":{"rendered":"<p>[vc_row css=&#8221;.vc_custom_1470926290410{margin-top: 30px !important;margin-bottom: 80px !important;}&#8221;][vc_column width=&#8221;1\/2&#8243; css=&#8221;.vc_custom_1470924989540{padding-right: 30px !important;}&#8221;][vc_row_inner][vc_column_inner][\/vc_column_inner][\/vc_row_inner][vc_row_inner css=&#8221;.vc_custom_1470926005243{margin-right: 0px !important;margin-left: 0px !important;border-top-width: 1px !important;border-top-color: #eeeeee !important;border-top-style: solid !important;}&#8221;][vc_column_inner width=&#8221;1\/2&#8243; css=&#8221;.vc_custom_1470926107488{padding-right: 0px !important;padding-left: 0px !important;}&#8221;][\/vc_column_inner][vc_column_inner width=&#8221;1\/2&#8243; css=&#8221;.vc_custom_1470926116338{padding-right: 0px !important;padding-left: 0px !important;}&#8221;][\/vc_column_inner][\/vc_row_inner][vc_row_inner css=&#8221;.vc_custom_1470926166389{margin-right: 0px !important;margin-left: 0px !important;border-top-width: 1px !important;border-top-color: &hellip; <\/p>\n","protected":false},"author":6,"featured_media":0,"parent":0,"menu_order":29,"comment_status":"closed","ping_status":"closed","template":"","meta":{"_bbp_topic_count":0,"_bbp_reply_count":0,"_bbp_total_topic_count":0,"_bbp_total_reply_count":0,"_bbp_voice_count":0,"_bbp_anonymous_reply_count":0,"_bbp_topic_count_hidden":0,"_bbp_reply_count_hidden":0,"_bbp_forum_subforum_count":0,"inline_featured_image":false,"footnotes":""},"class_list":["post-12095","page","type-page","status-publish","hentry"],"_links":{"self":[{"href":"https:\/\/detuam.sbu.edu.tr\/en\/wp-json\/wp\/v2\/pages\/12095","targetHints":{"allow":["GET"]}}],"collection":[{"href":"https:\/\/detuam.sbu.edu.tr\/en\/wp-json\/wp\/v2\/pages"}],"about":[{"href":"https:\/\/detuam.sbu.edu.tr\/en\/wp-json\/wp\/v2\/types\/page"}],"author":[{"embeddable":true,"href":"https:\/\/detuam.sbu.edu.tr\/en\/wp-json\/wp\/v2\/users\/6"}],"replies":[{"embeddable":true,"href":"https:\/\/detuam.sbu.edu.tr\/en\/wp-json\/wp\/v2\/comments?post=12095"}],"version-history":[{"count":8,"href":"https:\/\/detuam.sbu.edu.tr\/en\/wp-json\/wp\/v2\/pages\/12095\/revisions"}],"predecessor-version":[{"id":12917,"href":"https:\/\/detuam.sbu.edu.tr\/en\/wp-json\/wp\/v2\/pages\/12095\/revisions\/12917"}],"wp:attachment":[{"href":"https:\/\/detuam.sbu.edu.tr\/en\/wp-json\/wp\/v2\/media?parent=12095"}],"curies":[{"name":"wp","href":"https:\/\/api.w.org\/{rel}","templated":true}]}}